{"id":1452,"date":"2016-01-27T10:21:19","date_gmt":"2016-01-27T10:21:19","guid":{"rendered":"https:\/\/www.noegasystems.com\/en\/?page_id=1452"},"modified":"2016-02-05T07:51:52","modified_gmt":"2016-02-05T07:51:52","slug":"privacy-policy","status":"publish","type":"page","link":"https:\/\/www.noegasystems.com\/en\/privacy-policy","title":{"rendered":"Privacy Policy"},"content":{"rendered":"<p>A efectos de lo dispuesto en la Ley Org\u00e1nica 15\/1999, de Protecci\u00f3n de Datos de Car\u00e1cter Personal, de 13 de diciembre, NOEGA SYSTEMS le informa que en el \u00e1rea de \u201cCONTACTO\u201d de nuestra p\u00e1gina web, se solicita al Usuario una serie de datos de car\u00e1cter personal mediante la cumplimentaci\u00f3n de un formulario. Pulsando el bot\u00f3n de &#8220;enviar&#8221; del correspondiente formulario, el Usuario consiente de forma expresa que sus datos podr\u00e1n ser utilizados para el env\u00edo de newsletters y\/o comunicaciones informativas de NOEGA SYSTEMS por correo electr\u00f3nico o por cualquier otro medio, y se considera esa aceptaci\u00f3n como consentimiento informado. No obstante, el Usuario podr\u00e1 oponerse al env\u00edo de dichas comunicaciones se\u00f1alando la casilla que a estos efectos aparece indicada en el formulario.<\/p>\n<p>Igualmente, en el \u00e1rea \u201cNEWSLETTER\u201d, el Usuario puede inscribirse al bolet\u00edn de noticias de NOEGA SYSTEMS, facilitando su e-mail. En cada uno de los env\u00edos de newsletters y\/o comunicaciones informativas, se indicar\u00e1 de manera expresa el procedimiento habilitado para oponerse al env\u00edo de nuevas newsletters y\/o comunicaciones informativas, que ser\u00e1 un medio sencillo y gratuito para el interesado, de acuerdo con lo establecido en el RD 1720\/2007, de 21 de diciembre, por el que se aprueba el Reglamento de Desarrollo de la Ley Org\u00e1nica 15\/1999, de 13 de diciembre, de Protecci\u00f3n de Datos de Car\u00e1cter Personal.<\/p>\n<p>En los formularios de recogida de datos, los campos se\u00f1alados con asterisco son obligatorios, por lo que en caso de que el Usuario no facilite los datos correspondientes, NOEGA SYSTEMS podr\u00e1, a su sola discreci\u00f3n, denegar el correspondiente servicio.<\/p>\n<p>En cualquier caso, el Usuario tiene en cualquier momento derecho a acceder a esta informaci\u00f3n, pudiendo rectificarla, cancelarla u oponerse a ella, dirigi\u00e9ndose a tal efecto a la direcci\u00f3n se\u00f1alada en el encabezamiento de esta Pol\u00edtica de Privacidad.<\/p>\n<p>Los ficheros en los que se incluir\u00e1n los datos personales son propiedad de NOEGA SYSTEMS y est\u00e1n registrados en la Agencia Espa\u00f1ola de Protecci\u00f3n de Datos.<\/p>\n<p>Asimismo, NOEGA SYSTEMS considera que los datos de los usuarios registrados son de la mayor importancia y, por ello, se compromete al cumplimiento de su obligaci\u00f3n de secreto de los datos de car\u00e1cter personal y de su deber de tratarlos con confidencialidad, por lo que ha elaborado un Documento de Seguridad que recoge las medidas destinadas a proteger la confidencialidad de los datos de car\u00e1cter personal que obran en su poder, de acuerdo con la Ley Org\u00e1nica 15\/1999, de Protecci\u00f3n de Datos de Car\u00e1cter Personal, y el Real Decreto 1720\/2007, de 21 de diciembre, por el que se aprueba el Reglamento de desarrollo de la mencionada Ley Org\u00e1nica de Protecci\u00f3n de Datos de Car\u00e1cter Personal.<\/p>\n<p>No obstante lo anterior, la seguridad t\u00e9cnica en un medio como Internet no es inexpugnable y pueden existir filtraciones por actuaciones dolosas de terceros.<\/p>\n","protected":false},"excerpt":{"rendered":"<p>A efectos de lo dispuesto en la Ley Org\u00e1nica 15\/1999, de Protecci\u00f3n de Datos de Car\u00e1cter Personal, de 13 de diciembre, NOEGA SYSTEMS le informa que en el \u00e1rea de \u201cCONTACTO\u201d de nuestra p\u00e1gina web, se solicita al Usuario una serie de datos de car\u00e1cter personal mediante la cumplimentaci\u00f3n de un formulario. Pulsando el bot\u00f3n [&hellip;]<\/p>\n","protected":false},"author":1,"featured_media":0,"parent":0,"menu_order":0,"comment_status":"closed","ping_status":"closed","template":"","meta":{"site-sidebar-layout":"default","site-content-layout":"","ast-site-content-layout":"default","site-content-style":"default","site-sidebar-style":"default","ast-global-header-display":"","ast-banner-title-visibility":"","ast-main-header-display":"","ast-hfb-above-header-display":"","ast-hfb-below-header-display":"","ast-hfb-mobile-header-display":"","site-post-title":"","ast-breadcrumbs-content":"","ast-featured-img":"","footer-sml-layout":"","theme-transparent-header-meta":"","adv-header-id-meta":"","stick-header-meta":"","header-above-stick-meta":"","header-main-stick-meta":"","header-below-stick-meta":"","astra-migrate-meta-layouts":"default","ast-page-background-enabled":"default","ast-page-background-meta":{"desktop":{"background-color":"var(--ast-global-color-4)","background-image":"","background-repeat":"repeat","background-position":"center center","background-size":"auto","background-attachment":"scroll","background-type":"","background-media":"","overlay-type":"","overlay-color":"","overlay-opacity":"","overlay-gradient":""},"tablet":{"background-color":"","background-image":"","background-repeat":"repeat","background-position":"center center","background-size":"auto","background-attachment":"scroll","background-type":"","background-media":"","overlay-type":"","overlay-color":"","overlay-opacity":"","overlay-gradient":""},"mobile":{"background-color":"","background-image":"","background-repeat":"repeat","background-position":"center center","background-size":"auto","background-attachment":"scroll","background-type":"","background-media":"","overlay-type":"","overlay-color":"","overlay-opacity":"","overlay-gradient":""}},"ast-content-background-meta":{"desktop":{"background-color":"var(--ast-global-color-5)","background-image":"","background-repeat":"repeat","background-position":"center center","background-size":"auto","background-attachment":"scroll","background-type":"","background-media":"","overlay-type":"","overlay-color":"","overlay-opacity":"","overlay-gradient":""},"tablet":{"background-color":"var(--ast-global-color-5)","background-image":"","background-repeat":"repeat","background-position":"center center","background-size":"auto","background-attachment":"scroll","background-type":"","background-media":"","overlay-type":"","overlay-color":"","overlay-opacity":"","overlay-gradient":""},"mobile":{"background-color":"var(--ast-global-color-5)","background-image":"","background-repeat":"repeat","background-position":"center center","background-size":"auto","background-attachment":"scroll","background-type":"","background-media":"","overlay-type":"","overlay-color":"","overlay-opacity":"","overlay-gradient":""}},"footnotes":""},"class_list":["post-1452","page","type-page","status-publish","hentry"],"_links":{"self":[{"href":"https:\/\/www.noegasystems.com\/en\/wp-json\/wp\/v2\/pages\/1452","targetHints":{"allow":["GET"]}}],"collection":[{"href":"https:\/\/www.noegasystems.com\/en\/wp-json\/wp\/v2\/pages"}],"about":[{"href":"https:\/\/www.noegasystems.com\/en\/wp-json\/wp\/v2\/types\/page"}],"author":[{"embeddable":true,"href":"https:\/\/www.noegasystems.com\/en\/wp-json\/wp\/v2\/users\/1"}],"replies":[{"embeddable":true,"href":"https:\/\/www.noegasystems.com\/en\/wp-json\/wp\/v2\/comments?post=1452"}],"version-history":[{"count":0,"href":"https:\/\/www.noegasystems.com\/en\/wp-json\/wp\/v2\/pages\/1452\/revisions"}],"wp:attachment":[{"href":"https:\/\/www.noegasystems.com\/en\/wp-json\/wp\/v2\/media?parent=1452"}],"curies":[{"name":"wp","href":"https:\/\/api.w.org\/{rel}","templated":true}]}}