{"id":1117,"date":"2016-01-21T12:16:23","date_gmt":"2016-01-21T12:16:23","guid":{"rendered":"https:\/\/www.noegasystems.com\/en\/?page_id=1117"},"modified":"2023-02-15T13:12:07","modified_gmt":"2023-02-15T11:12:07","slug":"automated-warehouses-gallery","status":"publish","type":"page","link":"https:\/\/www.noegasystems.com\/en\/automated-warehouses-gallery","title":{"rendered":"Automated Storage Gallery"},"content":{"rendered":"\t\t<div data-elementor-type=\"wp-page\" data-elementor-id=\"1117\" class=\"elementor elementor-1117 elementor-870\" data-elementor-post-type=\"page\">\n\t\t\t\t\t\t<section class=\"elementor-section elementor-top-section elementor-element elementor-element-b1a5e3e elementor-section-boxed elementor-section-height-default elementor-section-height-default\" data-id=\"b1a5e3e\" data-element_type=\"section\" data-e-type=\"section\">\n\t\t\t\t\t\t<div class=\"elementor-container elementor-column-gap-default\">\n\t\t\t\t\t<div class=\"elementor-column elementor-col-100 elementor-top-column elementor-element elementor-element-e7e89fc\" data-id=\"e7e89fc\" data-element_type=\"column\" data-e-type=\"column\">\n\t\t\t<div class=\"elementor-widget-wrap elementor-element-populated\">\n\t\t\t\t\t\t<div class=\"elementor-element elementor-element-667ab66 elementor-widget elementor-widget-gallery\" data-id=\"667ab66\" data-element_type=\"widget\" data-e-type=\"widget\" data-settings=\"{&quot;columns&quot;:3,&quot;lazyload&quot;:&quot;yes&quot;,&quot;gallery_layout&quot;:&quot;grid&quot;,&quot;columns_tablet&quot;:2,&quot;columns_mobile&quot;:1,&quot;gap&quot;:{&quot;unit&quot;:&quot;px&quot;,&quot;size&quot;:10,&quot;sizes&quot;:[]},&quot;gap_tablet&quot;:{&quot;unit&quot;:&quot;px&quot;,&quot;size&quot;:10,&quot;sizes&quot;:[]},&quot;gap_mobile&quot;:{&quot;unit&quot;:&quot;px&quot;,&quot;size&quot;:10,&quot;sizes&quot;:[]},&quot;link_to&quot;:&quot;file&quot;,&quot;aspect_ratio&quot;:&quot;3:2&quot;,&quot;show_all_galleries&quot;:&quot;yes&quot;,&quot;overlay_background&quot;:&quot;yes&quot;,&quot;content_hover_animation&quot;:&quot;fade-in&quot;}\" data-widget_type=\"gallery.default\">\n\t\t\t\t<div class=\"elementor-widget-container\">\n\t\t\t\t\t\t\t\t<div class=\"elementor-gallery__titles-container e--pointer-underline e--animation-fade\" aria-label=\"Filtro de galer\u00eda\">\n\t\t\t\t\t\t\t\t\t<a class=\"elementor-item elementor-gallery-title\" role=\"button\" tabindex=\"0\" data-gallery-index=\"all\">\n\t\t\t\t\t\tTodo\t\t\t\t\t<\/a>\n\t\t\t\t\n\t\t\t\t\t\t\t\t\t<a class=\"elementor-item elementor-gallery-title\" role=\"button\" tabindex=\"0\" data-gallery-index=\"0\">\n\t\t\t\t\t\tMiniload\t\t\t\t\t<\/a>\n\t\t\t\t\t\t\t\t\t\t<a class=\"elementor-item elementor-gallery-title\" role=\"button\" tabindex=\"0\" data-gallery-index=\"1\">\n\t\t\t\t\t\tHanging garment \t\t\t\t\t<\/a>\n\t\t\t\t\t\t\t\t\t\t<a class=\"elementor-item elementor-gallery-title\" role=\"button\" tabindex=\"0\" data-gallery-index=\"2\">\n\t\t\t\t\t\tCrane operated \t\t\t\t\t<\/a>\n\t\t\t\t\t\t\t\t<\/div>\n\t\t\t\t\t<div class=\"elementor-gallery__container\">\n\t\t\t\t\t\t\t<a class=\"e-gallery-item elementor-gallery-item elementor-animated-content\" data-e-gallery-tags=\"0\" href=\"https:\/\/www.noegasystems.com\/wp-content\/uploads\/principales-beneficios-de-un-almacen-automatico-Miniload.jpg\" data-elementor-open-lightbox=\"yes\" data-elementor-lightbox-slideshow=\"667ab66\" data-elementor-lightbox-title=\"\u00bfCu\u00e1les son los principales beneficios de un almac\u00e9n autom\u00e1tico?\" data-elementor-lightbox-description=\"\u00bfCu\u00e1les son los principales beneficios de un almac\u00e9n autom\u00e1tico?\" data-e-action-hash=\"#elementor-action%3Aaction%3Dlightbox%26settings%3DeyJpZCI6OTQ0MSwidXJsIjoiaHR0cHM6XC9cL3d3dy5ub2VnYXN5c3RlbXMuY29tXC93cC1jb250ZW50XC91cGxvYWRzXC9wcmluY2lwYWxlcy1iZW5lZmljaW9zLWRlLXVuLWFsbWFjZW4tYXV0b21hdGljby1NaW5pbG9hZC5qcGciLCJzbGlkZXNob3ciOiI2NjdhYjY2In0%3D\">\n\t\t\t\t\t<div class=\"e-gallery-image elementor-gallery-item__image\" data-thumbnail=\"https:\/\/www.noegasystems.com\/wp-content\/uploads\/principales-beneficios-de-un-almacen-automatico-Miniload-300x168.jpg\" data-width=\"300\" data-height=\"168\" aria-label=\"\u00bfCu\u00e1les son los principales beneficios de un almac\u00e9n autom\u00e1tico?\" role=\"img\" ><\/div>\n\t\t\t\t\t\t\t\t\t\t\t<div class=\"elementor-gallery-item__overlay\"><\/div>\n\t\t\t\t\t\t\t\t\t\t\t\t\t\t<\/a>\n\t\t\t\t\t\t\t<a class=\"e-gallery-item elementor-gallery-item elementor-animated-content\" data-e-gallery-tags=\"0\" href=\"https:\/\/www.noegasystems.com\/wp-content\/uploads\/Sistemas-de-almacenaje-automaticos-Miniload-de-cajas.jpg\" data-elementor-open-lightbox=\"yes\" data-elementor-lightbox-slideshow=\"667ab66\" data-elementor-lightbox-title=\"Sistemas de almacenaje automaticos Miniload de cajas\" data-elementor-lightbox-description=\"Sistemas de almacenaje automaticos Miniload de cajas\" data-e-action-hash=\"#elementor-action%3Aaction%3Dlightbox%26settings%3DeyJpZCI6NTE3NiwidXJsIjoiaHR0cHM6XC9cL3d3dy5ub2VnYXN5c3RlbXMuY29tXC93cC1jb250ZW50XC91cGxvYWRzXC9TaXN0ZW1hcy1kZS1hbG1hY2VuYWplLWF1dG9tYXRpY29zLU1pbmlsb2FkLWRlLWNhamFzLmpwZyIsInNsaWRlc2hvdyI6IjY2N2FiNjYifQ%3D%3D\">\n\t\t\t\t\t<div class=\"e-gallery-image elementor-gallery-item__image\" data-thumbnail=\"https:\/\/www.noegasystems.com\/wp-content\/uploads\/Sistemas-de-almacenaje-automaticos-Miniload-de-cajas-169x300.jpg\" data-width=\"169\" data-height=\"300\" aria-label=\"Sistemas de almacenaje automaticos Miniload de cajas\" role=\"img\" ><\/div>\n\t\t\t\t\t\t\t\t\t\t\t<div class=\"elementor-gallery-item__overlay\"><\/div>\n\t\t\t\t\t\t\t\t\t\t\t\t\t\t<\/a>\n\t\t\t\t\t\t\t<a class=\"e-gallery-item elementor-gallery-item elementor-animated-content\" data-e-gallery-tags=\"0\" href=\"https:\/\/www.noegasystems.com\/wp-content\/uploads\/miniload.jpg\" data-elementor-open-lightbox=\"yes\" data-elementor-lightbox-slideshow=\"667ab66\" data-elementor-lightbox-title=\"Miniload o transelevadores para cajas\" data-elementor-lightbox-description=\"Miniload o transelevadores para cajas\" data-e-action-hash=\"#elementor-action%3Aaction%3Dlightbox%26settings%3DeyJpZCI6MjcxMSwidXJsIjoiaHR0cHM6XC9cL3d3dy5ub2VnYXN5c3RlbXMuY29tXC93cC1jb250ZW50XC91cGxvYWRzXC9taW5pbG9hZC5qcGciLCJzbGlkZXNob3ciOiI2NjdhYjY2In0%3D\">\n\t\t\t\t\t<div class=\"e-gallery-image elementor-gallery-item__image\" data-thumbnail=\"https:\/\/www.noegasystems.com\/wp-content\/uploads\/miniload-300x169.jpg\" data-width=\"300\" data-height=\"169\" aria-label=\"Miniload o transelevadores para cajas\" role=\"img\" ><\/div>\n\t\t\t\t\t\t\t\t\t\t\t<div class=\"elementor-gallery-item__overlay\"><\/div>\n\t\t\t\t\t\t\t\t\t\t\t\t\t\t<\/a>\n\t\t\t\t\t\t\t<a class=\"e-gallery-item elementor-gallery-item elementor-animated-content\" data-e-gallery-tags=\"0\" href=\"https:\/\/www.noegasystems.com\/wp-content\/uploads\/miniload-transelevador.jpg\" data-elementor-open-lightbox=\"yes\" data-elementor-lightbox-slideshow=\"667ab66\" data-elementor-lightbox-title=\"miniload - transelevador\" data-elementor-lightbox-description=\"Miniload o transelevadores para cajas\" data-e-action-hash=\"#elementor-action%3Aaction%3Dlightbox%26settings%3DeyJpZCI6MjcxMCwidXJsIjoiaHR0cHM6XC9cL3d3dy5ub2VnYXN5c3RlbXMuY29tXC93cC1jb250ZW50XC91cGxvYWRzXC9taW5pbG9hZC10cmFuc2VsZXZhZG9yLmpwZyIsInNsaWRlc2hvdyI6IjY2N2FiNjYifQ%3D%3D\">\n\t\t\t\t\t<div class=\"e-gallery-image elementor-gallery-item__image\" data-thumbnail=\"https:\/\/www.noegasystems.com\/wp-content\/uploads\/miniload-transelevador-300x169.jpg\" data-width=\"300\" data-height=\"169\" aria-label=\"Miniload o transelevadores para cajas\" role=\"img\" ><\/div>\n\t\t\t\t\t\t\t\t\t\t\t<div class=\"elementor-gallery-item__overlay\"><\/div>\n\t\t\t\t\t\t\t\t\t\t\t\t\t\t<\/a>\n\t\t\t\t\t\t\t<a class=\"e-gallery-item elementor-gallery-item elementor-animated-content\" data-e-gallery-tags=\"0\" href=\"https:\/\/www.noegasystems.com\/wp-content\/uploads\/miniload-de-cajas.jpg\" data-elementor-open-lightbox=\"yes\" data-elementor-lightbox-slideshow=\"667ab66\" data-elementor-lightbox-title=\"sistemas de almacenaje autom\u00e1ticos . miniload de cajas\" data-elementor-lightbox-description=\"Sistemas de almacenaje autom\u00e1tico de cajas miniload\" data-e-action-hash=\"#elementor-action%3Aaction%3Dlightbox%26settings%3DeyJpZCI6MjQ4NiwidXJsIjoiaHR0cHM6XC9cL3d3dy5ub2VnYXN5c3RlbXMuY29tXC93cC1jb250ZW50XC91cGxvYWRzXC9taW5pbG9hZC1kZS1jYWphcy5qcGciLCJzbGlkZXNob3ciOiI2NjdhYjY2In0%3D\">\n\t\t\t\t\t<div class=\"e-gallery-image elementor-gallery-item__image\" data-thumbnail=\"https:\/\/www.noegasystems.com\/wp-content\/uploads\/miniload-de-cajas-169x300.jpg\" data-width=\"169\" data-height=\"300\" aria-label=\"sistemas de almacenaje autom\u00e1ticos . miniload de cajas\" role=\"img\" ><\/div>\n\t\t\t\t\t\t\t\t\t\t\t<div class=\"elementor-gallery-item__overlay\"><\/div>\n\t\t\t\t\t\t\t\t\t\t\t\t\t\t<\/a>\n\t\t\t\t\t\t\t<a class=\"e-gallery-item elementor-gallery-item elementor-animated-content\" data-e-gallery-tags=\"2\" href=\"https:\/\/www.noegasystems.com\/wp-content\/uploads\/Sistemas-de-almacenaje-automaticos-Paletas.jpg\" data-elementor-open-lightbox=\"yes\" data-elementor-lightbox-slideshow=\"667ab66\" data-elementor-lightbox-title=\"Sistemas de almacenaje autom\u00e1ticos Paletas\" data-elementor-lightbox-description=\"Sistemas de almacenaje industrial de rack selectivo operado por transelevador\" data-e-action-hash=\"#elementor-action%3Aaction%3Dlightbox%26settings%3DeyJpZCI6MzU3NywidXJsIjoiaHR0cHM6XC9cL3d3dy5ub2VnYXN5c3RlbXMuY29tXC93cC1jb250ZW50XC91cGxvYWRzXC9TaXN0ZW1hcy1kZS1hbG1hY2VuYWplLWF1dG9tYXRpY29zLVBhbGV0YXMuanBnIiwic2xpZGVzaG93IjoiNjY3YWI2NiJ9\">\n\t\t\t\t\t<div class=\"e-gallery-image elementor-gallery-item__image\" data-thumbnail=\"https:\/\/www.noegasystems.com\/wp-content\/uploads\/Sistemas-de-almacenaje-automaticos-Paletas-300x225.jpg\" data-width=\"300\" data-height=\"225\" aria-label=\"sistemas de almacenaje autom\u00e1ticos-Estanter\u00eda para carga paletizada operada por transelevador\" role=\"img\" ><\/div>\n\t\t\t\t\t\t\t\t\t\t\t<div class=\"elementor-gallery-item__overlay\"><\/div>\n\t\t\t\t\t\t\t\t\t\t\t\t\t\t<\/a>\n\t\t\t\t\t<\/div>\n\t\t\t\t\t<\/div>\n\t\t\t\t<\/div>\n\t\t\t\t\t<\/div>\n\t\t<\/div>\n\t\t\t\t\t<\/div>\n\t\t<\/section>\n\t\t\t\t<\/div>\n\t\t","protected":false},"excerpt":{"rendered":"<p>Todo Miniload Hanging garment Crane operated<\/p>\n","protected":false},"author":1,"featured_media":0,"parent":0,"menu_order":0,"comment_status":"closed","ping_status":"closed","template":"","meta":{"site-sidebar-layout":"default","site-content-layout":"","ast-site-content-layout":"default","site-content-style":"default","site-sidebar-style":"default","ast-global-header-display":"","ast-banner-title-visibility":"","ast-main-header-display":"","ast-hfb-above-header-display":"","ast-hfb-below-header-display":"","ast-hfb-mobile-header-display":"","site-post-title":"","ast-breadcrumbs-content":"","ast-featured-img":"","footer-sml-layout":"","theme-transparent-header-meta":"","adv-header-id-meta":"","stick-header-meta":"","header-above-stick-meta":"","header-main-stick-meta":"","header-below-stick-meta":"","astra-migrate-meta-layouts":"default","ast-page-background-enabled":"default","ast-page-background-meta":{"desktop":{"background-color":"var(--ast-global-color-4)","background-image":"","background-repeat":"repeat","background-position":"center center","background-size":"auto","background-attachment":"scroll","background-type":"","background-media":"","overlay-type":"","overlay-color":"","overlay-opacity":"","overlay-gradient":""},"tablet":{"background-color":"","background-image":"","background-repeat":"repeat","background-position":"center center","background-size":"auto","background-attachment":"scroll","background-type":"","background-media":"","overlay-type":"","overlay-color":"","overlay-opacity":"","overlay-gradient":""},"mobile":{"background-color":"","background-image":"","background-repeat":"repeat","background-position":"center center","background-size":"auto","background-attachment":"scroll","background-type":"","background-media":"","overlay-type":"","overlay-color":"","overlay-opacity":"","overlay-gradient":""}},"ast-content-background-meta":{"desktop":{"background-color":"var(--ast-global-color-5)","background-image":"","background-repeat":"repeat","background-position":"center center","background-size":"auto","background-attachment":"scroll","background-type":"","background-media":"","overlay-type":"","overlay-color":"","overlay-opacity":"","overlay-gradient":""},"tablet":{"background-color":"var(--ast-global-color-5)","background-image":"","background-repeat":"repeat","background-position":"center center","background-size":"auto","background-attachment":"scroll","background-type":"","background-media":"","overlay-type":"","overlay-color":"","overlay-opacity":"","overlay-gradient":""},"mobile":{"background-color":"var(--ast-global-color-5)","background-image":"","background-repeat":"repeat","background-position":"center center","background-size":"auto","background-attachment":"scroll","background-type":"","background-media":"","overlay-type":"","overlay-color":"","overlay-opacity":"","overlay-gradient":""}},"footnotes":""},"class_list":["post-1117","page","type-page","status-publish","hentry"],"_links":{"self":[{"href":"https:\/\/www.noegasystems.com\/en\/wp-json\/wp\/v2\/pages\/1117","targetHints":{"allow":["GET"]}}],"collection":[{"href":"https:\/\/www.noegasystems.com\/en\/wp-json\/wp\/v2\/pages"}],"about":[{"href":"https:\/\/www.noegasystems.com\/en\/wp-json\/wp\/v2\/types\/page"}],"author":[{"embeddable":true,"href":"https:\/\/www.noegasystems.com\/en\/wp-json\/wp\/v2\/users\/1"}],"replies":[{"embeddable":true,"href":"https:\/\/www.noegasystems.com\/en\/wp-json\/wp\/v2\/comments?post=1117"}],"version-history":[{"count":0,"href":"https:\/\/www.noegasystems.com\/en\/wp-json\/wp\/v2\/pages\/1117\/revisions"}],"wp:attachment":[{"href":"https:\/\/www.noegasystems.com\/en\/wp-json\/wp\/v2\/media?parent=1117"}],"curies":[{"name":"wp","href":"https:\/\/api.w.org\/{rel}","templated":true}]}}