{"id":1022,"date":"2016-01-20T15:14:23","date_gmt":"2016-01-20T15:14:23","guid":{"rendered":"https:\/\/www.noegasystems.com\/en\/?page_id=1022"},"modified":"2016-02-05T07:50:44","modified_gmt":"2016-02-05T07:50:44","slug":"legal-notice","status":"publish","type":"page","link":"https:\/\/www.noegasystems.com\/en\/legal-notice","title":{"rendered":"Legal Notice"},"content":{"rendered":"<p>Las presentes disposiciones regulan el uso del servicio de la p\u00e1gina web que NOEGA SYSTEMS pone a disposici\u00f3n de los usuarios de Internet. El hecho de acceder a esta p\u00e1gina web implica el conocimiento y aceptaci\u00f3n de los siguientes t\u00e9rminos y condiciones.<\/p>\n<p>Todos los contenidos de la p\u00e1gina web, entendiendo por estos, a t\u00edtulo enunciativo, los textos, fotograf\u00edas, v\u00eddeos, gr\u00e1ficos, im\u00e1genes, iconos, tecnolog\u00eda, software, links y dem\u00e1s contenidos audiovisuales o sonoros, as\u00ed como su dise\u00f1o gr\u00e1fico y c\u00f3digos fuente (en adelante, los &#8220;Contenidos&#8221;), son propiedad intelectual de NOEGA SYSTEMS o de terceros, sin que puedan entenderse cedidos al Usuario ninguno de los derechos de explotaci\u00f3n sobre los mismos, m\u00e1s all\u00e1 de lo estrictamente necesario para el correcto uso de la p\u00e1gina web.<\/p>\n<p>Los art\u00edculos, noticias, newsletters y legislaci\u00f3n que se encuentran en nuestra p\u00e1gina web, est\u00e1n publicados con el \u00fanico inter\u00e9s de informar a los visitantes de esta p\u00e1gina. Los usuarios de Internet que accedan a esta p\u00e1gina web pueden visualizar la informaci\u00f3n contenida en la misma y pueden hacer descargas o reproducciones privadas en su sistema inform\u00e1tico. La cesi\u00f3n, modificaci\u00f3n, comunicaci\u00f3n p\u00fablica o cualquier otro acto que no haya sido expresamente autorizado por el titular de los derechos de explotaci\u00f3n quedan prohibidos.<\/p>\n<p>NOEGA SYSTEMS no necesariamente comparte, ni se hace responsable de las informaciones y opiniones reflejadas en los art\u00edculos y noticias aqu\u00ed recogidos, ni garantiza la veracidad o exactitud de los contenidos. Los art\u00edculos se seleccionan por el inter\u00e9s que, creemos, pueden tener para los visitantes de esta p\u00e1gina, y con el \u00fanico fin de informar. Asimismo, respetando el ejercicio del derecho de propiedad intelectual, si el autor de alg\u00fan art\u00edculo desea retirarlo, por favor le rogamos nos lo comunique.<\/p>\n<p>NOEGA SYSTEMS solicita que, en caso de divulgaci\u00f3n gratuita de la informaci\u00f3n contenida en esta p\u00e1gina web, se mencione a su autor y la fuente de obtenci\u00f3n de la informaci\u00f3n, tanto primaria como la fuente final.<\/p>\n<p>NOEGA SYSTEMS no es responsable de cualquier da\u00f1o directo o indirecto que pueda ocasionar la exactitud, veracidad o exhaustividad de la informaci\u00f3n, legislaci\u00f3n o art\u00edculos aqu\u00ed recogidos, o el uso que de ellos pueda hacerse. El Usuario se compromete a utilizar la p\u00e1gina y los servicios de conformidad con la Ley, as\u00ed como con la moral y buenas costumbres generalmente aceptadas y el orden p\u00fablico.<\/p>\n<p>El Usuario se obliga a usar los contenidos de forma diligente, correcta y l\u00edcita, y en particular, se compromete a abstenerse de utilizar los Contenidos de forma, con fines o efectos, contrarios a la moral y las buenas costumbres generalmente aceptadas, o al orden p\u00fablico.<\/p>\n<p>NOEGA SYSTEMS no se hace responsable del incumplimiento de cualquier norma aplicable en que pueda incurrir el Usuario en su acceso a esta p\u00e1gina web y\/o en el uso de las informaciones y servicios contenidos en el mismo.<\/p>\n<p>NOEGA SYSTEMS no se hace responsable del uso ileg\u00edtimo que terceras personas puedan hacer de los nombres de marcas, nombres de productos, marcas comerciales registradas que, no siendo propiedad de dicha entidad, aparezcan en esta p\u00e1gina web. La navegaci\u00f3n por las p\u00e1ginas de nuestra web se puede realizar de forma totalmente an\u00f3nima.<\/p>\n<p>Nuestro servidor web tan s\u00f3lo conserva una serie de datos p\u00fablicos y de libre acceso con fines estrictamente estad\u00edsticos. Esos datos son: el nombre del dominio o direcci\u00f3n IP del proveedor de acceso a Internet, versi\u00f3n del S.O. y del navegador, bytes le\u00eddos, la fecha y hora de acceso a nuestra p\u00e1gina web y la direcci\u00f3n desde la que parti\u00f3 el hiperv\u00ednculo que dirige a nuestra p\u00e1gina web.<\/p>\n<p>Esta p\u00e1gina web puede contener enlaces a p\u00e1ginas externas sobre las cuales NOEGA SYSTEMS no se responsabiliza ni de los contenidos ni de cualquier otro aspecto relacionado con dichas p\u00e1ginas web. Los enlaces e hipertexto que posibiliten, a trav\u00e9s de esta p\u00e1gina web, acceder al Usuario a prestaciones y servicios ofrecidos por terceros, no pertenecen ni se encuentran bajo el control de NOEGA SYSTEMS.<\/p>\n<p>Esta p\u00e1gina web utiliza Google Analytics, un servicio anal\u00edtico de web prestado por Google, Inc., una compa\u00f1\u00eda de Delaware cuya oficina principal est\u00e1 en 1600 Amphitheatre Parkway, Mountain View (California), CA 94043, Estados Unidos (\u201cGoogle\u201d). Google Analytics utiliza \u201ccookies\u201d, que son archivos de texto ubicados en su ordenador, para ayudar al website a analizar el uso que hacen los usuarios del sitio web. La informaci\u00f3n que genera la cookie acerca de su uso del website (incluyendo su direcci\u00f3n IP) ser\u00e1 directamente transmitida y archivada por Google en los servidores de Estados Unidos. Google usar\u00e1 esta informaci\u00f3n por cuenta nuestra con el prop\u00f3sito de seguir la pista de su uso del website, recopilando informes de la actividad del website y prestando otros servicios relacionados con la actividad del website y el uso de Internet. Google podr\u00e1 transmitir dicha informaci\u00f3n a terceros cuando as\u00ed se lo requiera la legislaci\u00f3n, o cuando dichos terceros procesen la informaci\u00f3n por cuenta de Google. Google no asociar\u00e1 su direcci\u00f3n IP con ning\u00fan otro dato del que disponga Google. Puede Usted rechazar el tratamiento de los datos o la informaci\u00f3n rechazando el uso de cookies mediante la selecci\u00f3n de la configuraci\u00f3n apropiada de su navegador, sin embargo, debe Usted saber que si lo hace puede ser que no pueda usar la plena funcionabilidad de este website. Al utilizar este website Usted consiente el tratamiento de informaci\u00f3n acerca de Usted por Google en la forma y para los fines arriba indicados.\u201dEl acceso a la p\u00e1gina web es gratuito, salvo en lo relativo al coste de la conexi\u00f3n a trav\u00e9s de la red de telecomunicaciones suministrada por el proveedor de acceso contratado por los usuarios.<\/p>\n<p>NOEGA SYSTEMS podr\u00e1 interrumpir el acceso as\u00ed como la disponibilidad de cualquiera o todas las secciones en cualquier momento y sin previo aviso, ya sea por motivos t\u00e9cnicos, de seguridad, de control, de mantenimiento, por fallos de suministro el\u00e9ctrico o por cualquier otra causa.<\/p>\n<p>Dicha interrupci\u00f3n podr\u00e1 ser temporal o definitiva, total o particular para un usuario concreto. En consecuencia, NOEGA SYSTEMS no garantiza la fiabilidad, la disponibilidad ni la continuidad del sitio, por lo que la utilizaci\u00f3n de los mismos por parte del usuario se lleva a cabo por su propia cuenta y riesgo, sin que, en ning\u00fan caso, pueda exigirse responsabilidades de ning\u00fan tipo a NOEGA SYSTEMS basada en las expectativas o en la utilidad de los servicios generadas por el usuario.<\/p>\n<p>NOEGA SYSTEMS podr\u00e1, en cualquier momento, modificar las presentes condiciones de uso, teniendo efecto siempre con la publicaci\u00f3n de las mismas en esta p\u00e1gina.<\/p>\n<p>Todos los derechos no concedidos aqu\u00ed expresamente est\u00e1n reservados por NOEGA SYSTEMS. Para cualquier duda, consulta o sugerencia al respecto puede utilizar el formulario de Contacto de esta web.<\/p>\n<p>En cumplimiento del art\u00edculo 10 de la ley 34\/2002, de 11 de Julio, de Servicios de la Sociedad de la Informaci\u00f3n y Comercio Electr\u00f3nico, a continuaci\u00f3n se exponen los datos identificativos de esta entidad.<\/p>\n<p><p>Denominaci\u00f3n Social: Noega Systems S.L.<br \/>\nNombre Comercial: Noega Systems<br \/>\nDomicilio Social: C\/ Jimena Fern\u00e1ndez de la Vega, 140 &#8211; 33203 Gij\u00f3n<br \/>\nCIF: B33976598<br \/>\nTel\u00e9fono: 984 190 927<br \/>\nFax: 984 986 294<br \/>\ne-Mail: info@noegasystems.com<br \/>\nInscrita en el registro mercantil de Asturias.<br \/>\nNombre de dominio: www.noegasystems.com<\/p>\n","protected":false},"excerpt":{"rendered":"<p>Las presentes disposiciones regulan el uso del servicio de la p\u00e1gina web que NOEGA SYSTEMS pone a disposici\u00f3n de los usuarios de Internet. El hecho de acceder a esta p\u00e1gina web implica el conocimiento y aceptaci\u00f3n de los siguientes t\u00e9rminos y condiciones. Todos los contenidos de la p\u00e1gina web, entendiendo por estos, a t\u00edtulo enunciativo, [&hellip;]<\/p>\n","protected":false},"author":1,"featured_media":0,"parent":0,"menu_order":0,"comment_status":"closed","ping_status":"closed","template":"","meta":{"site-sidebar-layout":"default","site-content-layout":"","ast-site-content-layout":"default","site-content-style":"default","site-sidebar-style":"default","ast-global-header-display":"","ast-banner-title-visibility":"","ast-main-header-display":"","ast-hfb-above-header-display":"","ast-hfb-below-header-display":"","ast-hfb-mobile-header-display":"","site-post-title":"","ast-breadcrumbs-content":"","ast-featured-img":"","footer-sml-layout":"","theme-transparent-header-meta":"","adv-header-id-meta":"","stick-header-meta":"","header-above-stick-meta":"","header-main-stick-meta":"","header-below-stick-meta":"","astra-migrate-meta-layouts":"default","ast-page-background-enabled":"default","ast-page-background-meta":{"desktop":{"background-color":"var(--ast-global-color-4)","background-image":"","background-repeat":"repeat","background-position":"center center","background-size":"auto","background-attachment":"scroll","background-type":"","background-media":"","overlay-type":"","overlay-color":"","overlay-opacity":"","overlay-gradient":""},"tablet":{"background-color":"","background-image":"","background-repeat":"repeat","background-position":"center center","background-size":"auto","background-attachment":"scroll","background-type":"","background-media":"","overlay-type":"","overlay-color":"","overlay-opacity":"","overlay-gradient":""},"mobile":{"background-color":"","background-image":"","background-repeat":"repeat","background-position":"center center","background-size":"auto","background-attachment":"scroll","background-type":"","background-media":"","overlay-type":"","overlay-color":"","overlay-opacity":"","overlay-gradient":""}},"ast-content-background-meta":{"desktop":{"background-color":"var(--ast-global-color-5)","background-image":"","background-repeat":"repeat","background-position":"center center","background-size":"auto","background-attachment":"scroll","background-type":"","background-media":"","overlay-type":"","overlay-color":"","overlay-opacity":"","overlay-gradient":""},"tablet":{"background-color":"var(--ast-global-color-5)","background-image":"","background-repeat":"repeat","background-position":"center center","background-size":"auto","background-attachment":"scroll","background-type":"","background-media":"","overlay-type":"","overlay-color":"","overlay-opacity":"","overlay-gradient":""},"mobile":{"background-color":"var(--ast-global-color-5)","background-image":"","background-repeat":"repeat","background-position":"center center","background-size":"auto","background-attachment":"scroll","background-type":"","background-media":"","overlay-type":"","overlay-color":"","overlay-opacity":"","overlay-gradient":""}},"footnotes":""},"class_list":["post-1022","page","type-page","status-publish","hentry"],"_links":{"self":[{"href":"https:\/\/www.noegasystems.com\/en\/wp-json\/wp\/v2\/pages\/1022","targetHints":{"allow":["GET"]}}],"collection":[{"href":"https:\/\/www.noegasystems.com\/en\/wp-json\/wp\/v2\/pages"}],"about":[{"href":"https:\/\/www.noegasystems.com\/en\/wp-json\/wp\/v2\/types\/page"}],"author":[{"embeddable":true,"href":"https:\/\/www.noegasystems.com\/en\/wp-json\/wp\/v2\/users\/1"}],"replies":[{"embeddable":true,"href":"https:\/\/www.noegasystems.com\/en\/wp-json\/wp\/v2\/comments?post=1022"}],"version-history":[{"count":0,"href":"https:\/\/www.noegasystems.com\/en\/wp-json\/wp\/v2\/pages\/1022\/revisions"}],"wp:attachment":[{"href":"https:\/\/www.noegasystems.com\/en\/wp-json\/wp\/v2\/media?parent=1022"}],"curies":[{"name":"wp","href":"https:\/\/api.w.org\/{rel}","templated":true}]}}