{"id":1978,"date":"2016-03-01T13:27:44","date_gmt":"2016-03-01T13:27:44","guid":{"rendered":"https:\/\/www.noegasystems.com\/de\/?page_id=1978"},"modified":"2022-07-14T20:16:55","modified_gmt":"2022-07-14T18:16:55","slug":"automatisierte-systeme","status":"publish","type":"page","link":"https:\/\/www.noegasystems.com\/de\/industrielle-lagersysteme\/automatisierte-systeme","title":{"rendered":"Automatisierte Systeme"},"content":{"rendered":"\t\t<div data-elementor-type=\"wp-page\" data-elementor-id=\"1978\" class=\"elementor elementor-1978 elementor-224\" data-elementor-post-type=\"page\">\n\t\t\t\t\t\t<section class=\"elementor-section elementor-top-section elementor-element elementor-element-3d87740e elementor-section-boxed elementor-section-height-default elementor-section-height-default\" data-id=\"3d87740e\" data-element_type=\"section\" data-e-type=\"section\" data-settings=\"{&quot;background_background&quot;:&quot;classic&quot;}\">\n\t\t\t\t\t\t\t<div class=\"elementor-background-overlay\"><\/div>\n\t\t\t\t\t\t\t<div class=\"elementor-container elementor-column-gap-no\">\n\t\t\t\t\t<div class=\"elementor-column elementor-col-100 elementor-top-column elementor-element elementor-element-4c8f920c\" data-id=\"4c8f920c\" data-element_type=\"column\" data-e-type=\"column\">\n\t\t\t<div class=\"elementor-widget-wrap elementor-element-populated\">\n\t\t\t\t\t\t<div class=\"elementor-element elementor-element-43a3858d elementor-widget elementor-widget-heading\" data-id=\"43a3858d\" data-element_type=\"widget\" data-e-type=\"widget\" data-widget_type=\"heading.default\">\n\t\t\t\t<div class=\"elementor-widget-container\">\n\t\t\t\t\t<h1 class=\"elementor-heading-title elementor-size-default\">Automatisierte Systeme<\/h1>\t\t\t\t<\/div>\n\t\t\t\t<\/div>\n\t\t\t\t\t<\/div>\n\t\t<\/div>\n\t\t\t\t\t<\/div>\n\t\t<\/section>\n\t\t\t\t<section class=\"elementor-section elementor-top-section elementor-element elementor-element-3d915b15 elementor-section-boxed elementor-section-height-default elementor-section-height-default\" data-id=\"3d915b15\" data-element_type=\"section\" data-e-type=\"section\" data-settings=\"{&quot;background_background&quot;:&quot;classic&quot;}\">\n\t\t\t\t\t\t<div class=\"elementor-container elementor-column-gap-default\">\n\t\t\t\t\t<div class=\"elementor-column elementor-col-100 elementor-top-column elementor-element elementor-element-637c30cb\" data-id=\"637c30cb\" data-element_type=\"column\" data-e-type=\"column\">\n\t\t\t<div class=\"elementor-widget-wrap elementor-element-populated\">\n\t\t\t\t\t\t<div class=\"elementor-element elementor-element-3793463e elementor-widget elementor-widget-breadcrumbs\" data-id=\"3793463e\" data-element_type=\"widget\" data-e-type=\"widget\" data-widget_type=\"breadcrumbs.default\">\n\t\t\t\t<div class=\"elementor-widget-container\">\n\t\t\t\t\t<p id=\"breadcrumbs\"><span><span><a href=\"https:\/\/www.noegasystems.com\/de\">Home<\/a><\/span><\/span><\/p>\t\t\t\t<\/div>\n\t\t\t\t<\/div>\n\t\t\t\t\t<\/div>\n\t\t<\/div>\n\t\t\t\t\t<\/div>\n\t\t<\/section>\n\t\t\t\t<section class=\"elementor-section elementor-top-section elementor-element elementor-element-77397319 elementor-section-height-min-height elementor-section-items-top elementor-section-boxed elementor-section-height-default\" data-id=\"77397319\" data-element_type=\"section\" data-e-type=\"section\">\n\t\t\t\t\t\t<div class=\"elementor-container elementor-column-gap-default\">\n\t\t\t\t\t<div class=\"elementor-column elementor-col-33 elementor-top-column elementor-element elementor-element-51cfd0f3\" data-id=\"51cfd0f3\" data-element_type=\"column\" data-e-type=\"column\">\n\t\t\t<div class=\"elementor-widget-wrap elementor-element-populated\">\n\t\t\t\t\t\t<div class=\"elementor-element elementor-element-607e7dd4 elementor-widget elementor-widget-heading\" data-id=\"607e7dd4\" data-element_type=\"widget\" data-e-type=\"widget\" data-widget_type=\"heading.default\">\n\t\t\t\t<div class=\"elementor-widget-container\">\n\t\t\t\t\t<p class=\"elementor-heading-title elementor-size-default\">Industrielle <br>Lagersysteme<\/p>\t\t\t\t<\/div>\n\t\t\t\t<\/div>\n\t\t\t\t<div class=\"elementor-element elementor-element-bcb90b7 elementor-widget elementor-widget-nav-menu\" data-id=\"bcb90b7\" data-element_type=\"widget\" data-e-type=\"widget\" data-settings=\"{&quot;layout&quot;:&quot;dropdown&quot;,&quot;submenu_icon&quot;:{&quot;value&quot;:&quot;&lt;i class=\\&quot;fas fa-angle-down\\&quot; aria-hidden=\\&quot;true\\&quot;&gt;&lt;\\\/i&gt;&quot;,&quot;library&quot;:&quot;fa-solid&quot;}}\" data-widget_type=\"nav-menu.default\">\n\t\t\t\t<div class=\"elementor-widget-container\">\n\t\t\t\t\t\t\t\t<nav class=\"elementor-nav-menu--dropdown elementor-nav-menu__container\" aria-hidden=\"true\">\n\t\t\t\t<ul id=\"menu-2-bcb90b7\" class=\"elementor-nav-menu\"><li class=\"menu-item menu-item-type- menu-item-object- menu-item-7128\"><a class=\"elementor-item menu-link\" tabindex=\"-1\"><\/a><\/li>\n<li class=\"menu-item menu-item-type- menu-item-object- menu-item-7121\"><a class=\"elementor-item menu-link\" tabindex=\"-1\"><\/a><\/li>\n<li class=\"menu-item menu-item-type- menu-item-object- menu-item-7122\"><a class=\"elementor-item menu-link\" tabindex=\"-1\"><\/a><\/li>\n<li class=\"menu-item menu-item-type- menu-item-object- menu-item-7126\"><a class=\"elementor-item menu-link\" tabindex=\"-1\"><\/a><\/li>\n<li class=\"menu-item menu-item-type- menu-item-object- menu-item-7125\"><a class=\"elementor-item menu-link\" tabindex=\"-1\"><\/a><\/li>\n<\/ul>\t\t\t<\/nav>\n\t\t\t\t\t\t<\/div>\n\t\t\t\t<\/div>\n\t\t\t\t\t<\/div>\n\t\t<\/div>\n\t\t\t\t<div class=\"elementor-column elementor-col-66 elementor-top-column elementor-element elementor-element-7a0223bb\" data-id=\"7a0223bb\" data-element_type=\"column\" data-e-type=\"column\">\n\t\t\t<div class=\"elementor-widget-wrap elementor-element-populated\">\n\t\t\t\t\t\t<div class=\"elementor-element elementor-element-a90537d elementor-widget elementor-widget-heading\" data-id=\"a90537d\" data-element_type=\"widget\" data-e-type=\"widget\" data-widget_type=\"heading.default\">\n\t\t\t\t<div class=\"elementor-widget-container\">\n\t\t\t\t\t<h2 class=\"elementor-heading-title elementor-size-default\">Automatisierte Systeme<\/h2>\t\t\t\t<\/div>\n\t\t\t\t<\/div>\n\t\t\t\t<div class=\"elementor-element elementor-element-63e061ec elementor-widget elementor-widget-text-editor\" data-id=\"63e061ec\" data-element_type=\"widget\" data-e-type=\"widget\" data-widget_type=\"text-editor.default\">\n\t\t\t\t<div class=\"elementor-widget-container\">\n\t\t\t\t\t\t\t\t\t<p>Automatisierte Lagersysteme sind speziell f\u00fcr den automatischen Betrieb mit Regalbedienger\u00e4ten konzipiert. Lagerung von Paletten, Kisten (Typ Miniload) oder an Kleiderb\u00fcgeln aufgeh\u00e4ngte Textilien (Kleiderb\u00fcgelsystem).<\/p><p>F\u00fcr diese Art von Lagerh\u00e4usern werden automatisierte Ger\u00e4te verwendet, um die Beladung zu handhaben. Dadurch k\u00f6nnen wir an H\u00f6he und Geschwindigkeit gewinnen, da Reaktionszeiten und Sicherheit reduziert werden, da die Arbeiter nicht in den Korridoren arbeiten, was die Sicherheit erh\u00f6ht und die m\u00f6gliche Unf\u00e4lle minimiert, au\u00dferdem handelt es sich um zuverl\u00e4ssige Systeme, da es sich um ein automatisches System handelt, das Fehler bei der Handhabung der Lasten reduziert.<\/p>\t\t\t\t\t\t\t\t<\/div>\n\t\t\t\t<\/div>\n\t\t\t\t\t<\/div>\n\t\t<\/div>\n\t\t\t\t\t<\/div>\n\t\t<\/section>\n\t\t\t\t<\/div>\n\t\t","protected":false},"excerpt":{"rendered":"<p>Automatisierte Systeme Industrielle Lagersysteme Automatisierte Systeme Automatisierte Lagersysteme sind speziell f\u00fcr den automatischen Betrieb mit Regalbedienger\u00e4ten konzipiert. Lagerung von Paletten, Kisten (Typ Miniload) oder an Kleiderb\u00fcgeln aufgeh\u00e4ngte Textilien (Kleiderb\u00fcgelsystem). F\u00fcr diese Art von Lagerh\u00e4usern werden automatisierte Ger\u00e4te verwendet, um die Beladung zu handhaben. Dadurch k\u00f6nnen wir an H\u00f6he und Geschwindigkeit gewinnen, da Reaktionszeiten und Sicherheit [&hellip;]<\/p>\n","protected":false},"author":1,"featured_media":0,"parent":1938,"menu_order":0,"comment_status":"closed","ping_status":"closed","template":"","meta":{"site-sidebar-layout":"no-sidebar","site-content-layout":"page-builder","ast-site-content-layout":"default","site-content-style":"default","site-sidebar-style":"default","ast-global-header-display":"","ast-banner-title-visibility":"","ast-main-header-display":"","ast-hfb-above-header-display":"","ast-hfb-below-header-display":"","ast-hfb-mobile-header-display":"","site-post-title":"disabled","ast-breadcrumbs-content":"","ast-featured-img":"disabled","footer-sml-layout":"","theme-transparent-header-meta":"default","adv-header-id-meta":"","stick-header-meta":"default","header-above-stick-meta":"","header-main-stick-meta":"","header-below-stick-meta":"","astra-migrate-meta-layouts":"default","ast-page-background-enabled":"default","ast-page-background-meta":{"desktop":{"background-color":"var(--ast-global-color-4)","background-image":"","background-repeat":"repeat","background-position":"center center","background-size":"auto","background-attachment":"scroll","background-type":"","background-media":"","overlay-type":"","overlay-color":"","overlay-opacity":"","overlay-gradient":""},"tablet":{"background-color":"","background-image":"","background-repeat":"repeat","background-position":"center center","background-size":"auto","background-attachment":"scroll","background-type":"","background-media":"","overlay-type":"","overlay-color":"","overlay-opacity":"","overlay-gradient":""},"mobile":{"background-color":"","background-image":"","background-repeat":"repeat","background-position":"center center","background-size":"auto","background-attachment":"scroll","background-type":"","background-media":"","overlay-type":"","overlay-color":"","overlay-opacity":"","overlay-gradient":""}},"ast-content-background-meta":{"desktop":{"background-color":"var(--ast-global-color-5)","background-image":"","background-repeat":"repeat","background-position":"center center","background-size":"auto","background-attachment":"scroll","background-type":"","background-media":"","overlay-type":"","overlay-color":"","overlay-opacity":"","overlay-gradient":""},"tablet":{"background-color":"var(--ast-global-color-5)","background-image":"","background-repeat":"repeat","background-position":"center center","background-size":"auto","background-attachment":"scroll","background-type":"","background-media":"","overlay-type":"","overlay-color":"","overlay-opacity":"","overlay-gradient":""},"mobile":{"background-color":"var(--ast-global-color-5)","background-image":"","background-repeat":"repeat","background-position":"center center","background-size":"auto","background-attachment":"scroll","background-type":"","background-media":"","overlay-type":"","overlay-color":"","overlay-opacity":"","overlay-gradient":""}},"footnotes":""},"class_list":["post-1978","page","type-page","status-publish","hentry"],"_links":{"self":[{"href":"https:\/\/www.noegasystems.com\/de\/wp-json\/wp\/v2\/pages\/1978","targetHints":{"allow":["GET"]}}],"collection":[{"href":"https:\/\/www.noegasystems.com\/de\/wp-json\/wp\/v2\/pages"}],"about":[{"href":"https:\/\/www.noegasystems.com\/de\/wp-json\/wp\/v2\/types\/page"}],"author":[{"embeddable":true,"href":"https:\/\/www.noegasystems.com\/de\/wp-json\/wp\/v2\/users\/1"}],"replies":[{"embeddable":true,"href":"https:\/\/www.noegasystems.com\/de\/wp-json\/wp\/v2\/comments?post=1978"}],"version-history":[{"count":0,"href":"https:\/\/www.noegasystems.com\/de\/wp-json\/wp\/v2\/pages\/1978\/revisions"}],"up":[{"embeddable":true,"href":"https:\/\/www.noegasystems.com\/de\/wp-json\/wp\/v2\/pages\/1938"}],"wp:attachment":[{"href":"https:\/\/www.noegasystems.com\/de\/wp-json\/wp\/v2\/media?parent=1978"}],"curies":[{"name":"wp","href":"https:\/\/api.w.org\/{rel}","templated":true}]}}