{"id":1938,"date":"2016-03-01T13:16:00","date_gmt":"2016-03-01T13:16:00","guid":{"rendered":"https:\/\/www.noegasystems.com\/de\/?page_id=1938"},"modified":"2023-11-09T13:27:09","modified_gmt":"2023-11-09T11:27:09","slug":"industrielle-lagersysteme","status":"publish","type":"page","link":"https:\/\/www.noegasystems.com\/de\/industrielle-lagersysteme","title":{"rendered":"Industrielle Lagersysteme"},"content":{"rendered":"\t\t<div data-elementor-type=\"wp-page\" data-elementor-id=\"1938\" class=\"elementor elementor-1938 elementor-202\" data-elementor-post-type=\"page\">\n\t\t\t\t\t\t<section class=\"elementor-section elementor-top-section elementor-element elementor-element-6cbfd85b elementor-section-boxed elementor-section-height-default elementor-section-height-default\" data-id=\"6cbfd85b\" data-element_type=\"section\" data-e-type=\"section\" data-settings=\"{&quot;background_background&quot;:&quot;classic&quot;}\">\n\t\t\t\t\t\t\t<div class=\"elementor-background-overlay\"><\/div>\n\t\t\t\t\t\t\t<div class=\"elementor-container elementor-column-gap-no\">\n\t\t\t\t\t<div class=\"elementor-column elementor-col-100 elementor-top-column elementor-element elementor-element-7a6a11c3\" data-id=\"7a6a11c3\" data-element_type=\"column\" data-e-type=\"column\">\n\t\t\t<div class=\"elementor-widget-wrap elementor-element-populated\">\n\t\t\t\t\t\t<div class=\"elementor-element elementor-element-6b1eb476 elementor-widget elementor-widget-heading\" data-id=\"6b1eb476\" data-element_type=\"widget\" data-e-type=\"widget\" data-widget_type=\"heading.default\">\n\t\t\t\t<div class=\"elementor-widget-container\">\n\t\t\t\t\t<h1 class=\"elementor-heading-title elementor-size-default\">Industrielle Lagersysteme<\/h1>\t\t\t\t<\/div>\n\t\t\t\t<\/div>\n\t\t\t\t\t<\/div>\n\t\t<\/div>\n\t\t\t\t\t<\/div>\n\t\t<\/section>\n\t\t\t\t<section class=\"elementor-section elementor-top-section elementor-element elementor-element-798d3fca elementor-section-boxed elementor-section-height-default elementor-section-height-default\" data-id=\"798d3fca\" data-element_type=\"section\" data-e-type=\"section\" data-settings=\"{&quot;background_background&quot;:&quot;classic&quot;}\">\n\t\t\t\t\t\t<div class=\"elementor-container elementor-column-gap-default\">\n\t\t\t\t\t<div class=\"elementor-column elementor-col-100 elementor-top-column elementor-element elementor-element-6c978d7e\" data-id=\"6c978d7e\" data-element_type=\"column\" data-e-type=\"column\">\n\t\t\t<div class=\"elementor-widget-wrap elementor-element-populated\">\n\t\t\t\t\t\t<div class=\"elementor-element elementor-element-166a12b5 elementor-widget elementor-widget-breadcrumbs\" data-id=\"166a12b5\" data-element_type=\"widget\" data-e-type=\"widget\" data-widget_type=\"breadcrumbs.default\">\n\t\t\t\t<div class=\"elementor-widget-container\">\n\t\t\t\t\t<p id=\"breadcrumbs\"><span><span><a href=\"https:\/\/www.noegasystems.com\/de\">Home<\/a><\/span><\/span><\/p>\t\t\t\t<\/div>\n\t\t\t\t<\/div>\n\t\t\t\t\t<\/div>\n\t\t<\/div>\n\t\t\t\t\t<\/div>\n\t\t<\/section>\n\t\t\t\t<section class=\"elementor-section elementor-top-section elementor-element elementor-element-371780b9 elementor-section-height-min-height elementor-section-items-top elementor-section-boxed elementor-section-height-default\" data-id=\"371780b9\" data-element_type=\"section\" data-e-type=\"section\">\n\t\t\t\t\t\t<div class=\"elementor-container elementor-column-gap-default\">\n\t\t\t\t\t<div class=\"elementor-column elementor-col-33 elementor-top-column elementor-element elementor-element-6db038c1\" data-id=\"6db038c1\" data-element_type=\"column\" data-e-type=\"column\">\n\t\t\t<div class=\"elementor-widget-wrap elementor-element-populated\">\n\t\t\t\t\t\t<div class=\"elementor-element elementor-element-29c48f0d elementor-widget elementor-widget-heading\" data-id=\"29c48f0d\" data-element_type=\"widget\" data-e-type=\"widget\" data-widget_type=\"heading.default\">\n\t\t\t\t<div class=\"elementor-widget-container\">\n\t\t\t\t\t<p class=\"elementor-heading-title elementor-size-default\">Industrielle <br>Lagersysteme<\/p>\t\t\t\t<\/div>\n\t\t\t\t<\/div>\n\t\t\t\t<div class=\"elementor-element elementor-element-684134dc elementor-widget elementor-widget-nav-menu\" data-id=\"684134dc\" data-element_type=\"widget\" data-e-type=\"widget\" data-settings=\"{&quot;layout&quot;:&quot;dropdown&quot;,&quot;submenu_icon&quot;:{&quot;value&quot;:&quot;&lt;i class=\\&quot;fas fa-angle-down\\&quot; aria-hidden=\\&quot;true\\&quot;&gt;&lt;\\\/i&gt;&quot;,&quot;library&quot;:&quot;fa-solid&quot;}}\" data-widget_type=\"nav-menu.default\">\n\t\t\t\t<div class=\"elementor-widget-container\">\n\t\t\t\t\t\t\t\t<nav class=\"elementor-nav-menu--dropdown elementor-nav-menu__container\" aria-hidden=\"true\">\n\t\t\t\t<ul id=\"menu-2-684134dc\" class=\"elementor-nav-menu\"><li class=\"menu-item menu-item-type-post_type menu-item-object-page menu-item-322989\"><a href=\"https:\/\/www.noegasystems.com\/de\/industrielle-lagersysteme\/selbsttragende-lagerhallen\" class=\"elementor-item menu-link\" tabindex=\"-1\">Selbsttragende Lagerhallen<\/a><\/li>\n<li class=\"menu-item menu-item-type-post_type menu-item-object-page menu-item-has-children menu-item-322990\"><a aria-expanded=\"false\" href=\"https:\/\/www.noegasystems.com\/de\/industrielle-lagersysteme\/automatisierte-systeme\" class=\"elementor-item menu-link\" tabindex=\"-1\">Automatisierte Systeme<\/a>\n<ul class=\"sub-menu elementor-nav-menu--dropdown\">\n\t<li class=\"menu-item menu-item-type-post_type menu-item-object-page menu-item-322991\"><a href=\"https:\/\/www.noegasystems.com\/de\/industrielle-lagersysteme\/automatisierte-systeme\/kran-betriebene-regale\" class=\"elementor-sub-item menu-link\" tabindex=\"-1\">Kran betriebene Regale<\/a><\/li>\n\t<li class=\"menu-item menu-item-type-post_type menu-item-object-page menu-item-322992\"><a href=\"https:\/\/www.noegasystems.com\/de\/industrielle-lagersysteme\/automatisierte-systeme\/mini-laderegal\" class=\"elementor-sub-item menu-link\" tabindex=\"-1\">Mini-Laderegal<\/a><\/li>\n\t<li class=\"menu-item menu-item-type-post_type menu-item-object-page menu-item-322993\"><a href=\"https:\/\/www.noegasystems.com\/de\/industrielle-lagersysteme\/automatisierte-systeme\/haengendes-kleiderregal\" class=\"elementor-sub-item menu-link\" tabindex=\"-1\">H\u00e4ngendes Kleiderregal<\/a><\/li>\n\t<li class=\"menu-item menu-item-type-post_type menu-item-object-page menu-item-322994\"><a href=\"https:\/\/www.noegasystems.com\/de\/industrielle-lagersysteme\/automatisierte-systeme\/tiefkuehllager\" class=\"elementor-sub-item menu-link\" tabindex=\"-1\">Tiefk\u00fchllager<\/a><\/li>\n<\/ul>\n<\/li>\n<li class=\"menu-item menu-item-type-post_type menu-item-object-page menu-item-has-children menu-item-322995\"><a aria-expanded=\"false\" href=\"https:\/\/www.noegasystems.com\/de\/industrielle-lagersysteme\/palletisierte-ware\" class=\"elementor-item menu-link\" tabindex=\"-1\">Industrielle Lagerung f\u00fcr palletisierte Ware<\/a>\n<ul class=\"sub-menu elementor-nav-menu--dropdown\">\n\t<li class=\"menu-item menu-item-type-post_type menu-item-object-page menu-item-322996\"><a href=\"https:\/\/www.noegasystems.com\/de\/industrielle-lagersysteme\/palletisierte-ware\/konventionelles-palettenregal\" class=\"elementor-sub-item menu-link\" tabindex=\"-1\">Konventionelles Palettenregal (APR)<\/a><\/li>\n\t<li class=\"menu-item menu-item-type-post_type menu-item-object-page menu-item-322997\"><a href=\"https:\/\/www.noegasystems.com\/de\/industrielle-lagersysteme\/palletisierte-ware\/einfahrregal-drive-in\" class=\"elementor-sub-item menu-link\" tabindex=\"-1\">Einfahrregal (Drive In)<\/a><\/li>\n\t<li class=\"menu-item menu-item-type-post_type menu-item-object-page menu-item-322998\"><a href=\"https:\/\/www.noegasystems.com\/de\/industrielle-lagersysteme\/palletisierte-ware\/mobiles-palettenregal-verschieberegal\" class=\"elementor-sub-item menu-link\" tabindex=\"-1\">Mobiles Palettenregal (Verschieberegal)<\/a><\/li>\n\t<li class=\"menu-item menu-item-type-post_type menu-item-object-page menu-item-322999\"><a href=\"https:\/\/www.noegasystems.com\/de\/industrielle-lagersysteme\/palletisierte-ware\/dynamisches-palettenregal\" class=\"elementor-sub-item menu-link\" tabindex=\"-1\">Dynamisches Palettenregal<\/a><\/li>\n\t<li class=\"menu-item menu-item-type-post_type menu-item-object-page menu-item-323000\"><a href=\"https:\/\/www.noegasystems.com\/de\/industrielle-lagersysteme\/palletisierte-ware\/regal-shuttle-system\" class=\"elementor-sub-item menu-link\" tabindex=\"-1\">Regal-Shuttle-System<\/a><\/li>\n\t<li class=\"menu-item menu-item-type-post_type menu-item-object-page menu-item-323001\"><a href=\"https:\/\/www.noegasystems.com\/de\/industrielle-lagersysteme\/palletisierte-ware\/push-back-regal\" class=\"elementor-sub-item menu-link\" tabindex=\"-1\">Push Back Regal<\/a><\/li>\n<\/ul>\n<\/li>\n<li class=\"menu-item menu-item-type-post_type menu-item-object-page menu-item-has-children menu-item-323002\"><a aria-expanded=\"false\" href=\"https:\/\/www.noegasystems.com\/de\/industrielle-lagersysteme\/manuelle-stahlregale\" class=\"elementor-item menu-link\" tabindex=\"-1\">Manuelle Stahlregale<\/a>\n<ul class=\"sub-menu elementor-nav-menu--dropdown\">\n\t<li class=\"menu-item menu-item-type-post_type menu-item-object-page menu-item-323003\"><a href=\"https:\/\/www.noegasystems.com\/de\/industrielle-lagersysteme\/manuelle-stahlregale\/handladeregal\" class=\"elementor-sub-item menu-link\" tabindex=\"-1\">Handladeregal<\/a><\/li>\n\t<li class=\"menu-item menu-item-type-post_type menu-item-object-page menu-item-323004\"><a href=\"https:\/\/www.noegasystems.com\/de\/industrielle-lagersysteme\/manuelle-stahlregale\/hochgangregale\" class=\"elementor-sub-item menu-link\" tabindex=\"-1\">Hochgangregale<\/a><\/li>\n\t<li class=\"menu-item menu-item-type-post_type menu-item-object-page menu-item-323005\"><a href=\"https:\/\/www.noegasystems.com\/de\/industrielle-lagersysteme\/manuelle-stahlregale\/schraubenlose-regale\" class=\"elementor-sub-item menu-link\" tabindex=\"-1\">Schraubenlose Regale<\/a><\/li>\n\t<li class=\"menu-item menu-item-type-post_type menu-item-object-page menu-item-323006\"><a href=\"https:\/\/www.noegasystems.com\/de\/industrielle-lagersysteme\/manuelle-stahlregale\/mobiles-palettenregal-verschieberegal\" class=\"elementor-sub-item menu-link\" tabindex=\"-1\">Mobiles Palettenregal (Verschieberegal)<\/a><\/li>\n\t<li class=\"menu-item menu-item-type-post_type menu-item-object-page menu-item-323007\"><a href=\"https:\/\/www.noegasystems.com\/de\/industrielle-lagersysteme\/manuelle-stahlregale\/dynamisches-boxenregal\" class=\"elementor-sub-item menu-link\" tabindex=\"-1\">Dynamisches Boxenregal<\/a><\/li>\n\t<li class=\"menu-item menu-item-type-post_type menu-item-object-page menu-item-323008\"><a href=\"https:\/\/www.noegasystems.com\/de\/industrielle-lagersysteme\/manuelle-stahlregale\/geschlitzte-winkelregale\" class=\"elementor-sub-item menu-link\" tabindex=\"-1\">Geschlitzte Winkelregale<\/a><\/li>\n<\/ul>\n<\/li>\n<li class=\"menu-item menu-item-type-post_type menu-item-object-page menu-item-has-children menu-item-323009\"><a aria-expanded=\"false\" href=\"https:\/\/www.noegasystems.com\/de\/industrielle-lagersysteme\/auslegerregal\" class=\"elementor-item menu-link\" tabindex=\"-1\">Auslegerregal<\/a>\n<ul class=\"sub-menu elementor-nav-menu--dropdown\">\n\t<li class=\"menu-item menu-item-type-post_type menu-item-object-page menu-item-323010\"><a href=\"https:\/\/www.noegasystems.com\/de\/industrielle-lagersysteme\/auslegerregal\/leichtlasttraegerregal\" class=\"elementor-sub-item menu-link\" tabindex=\"-1\">Leichtlasttr\u00e4gerregal<\/a><\/li>\n\t<li class=\"menu-item menu-item-type-post_type menu-item-object-page menu-item-323016\"><a href=\"https:\/\/www.noegasystems.com\/de\/industrielle-lagersysteme\/auslegerregal\/schwerlasttraegerregal\" class=\"elementor-sub-item menu-link\" tabindex=\"-1\">Schwerlasttr\u00e4gerregal<\/a><\/li>\n\t<li class=\"menu-item menu-item-type-post_type menu-item-object-page menu-item-323017\"><a href=\"https:\/\/www.noegasystems.com\/de\/industrielle-lagersysteme\/auslegerregal\/freischwinger-aussen\" class=\"elementor-sub-item menu-link\" tabindex=\"-1\">Freischwinger Au\u00dfen<\/a><\/li>\n<\/ul>\n<\/li>\n<li class=\"menu-item menu-item-type-post_type menu-item-object-page menu-item-has-children menu-item-323018\"><a aria-expanded=\"false\" href=\"https:\/\/www.noegasystems.com\/de\/industrielle-lagersysteme\/mezzanin-regal\" class=\"elementor-item menu-link\" tabindex=\"-1\">Mezzanin Regal<\/a>\n<ul class=\"sub-menu elementor-nav-menu--dropdown\">\n\t<li class=\"menu-item menu-item-type-post_type menu-item-object-page menu-item-323019\"><a href=\"https:\/\/www.noegasystems.com\/de\/industrielle-lagersysteme\/mezzanin-regal\/saeulenmezzanin\" class=\"elementor-sub-item menu-link\" tabindex=\"-1\">S\u00e4ulenmezzanin<\/a><\/li>\n\t<li class=\"menu-item menu-item-type-post_type menu-item-object-page menu-item-323020\"><a href=\"https:\/\/www.noegasystems.com\/de\/industrielle-lagersysteme\/mezzanin-regal\/abnehmbares-mezzanin-system\" class=\"elementor-sub-item menu-link\" tabindex=\"-1\">Abnehmbares Mezzanin System<\/a><\/li>\n<\/ul>\n<\/li>\n<\/ul>\t\t\t<\/nav>\n\t\t\t\t\t\t<\/div>\n\t\t\t\t<\/div>\n\t\t\t\t\t<\/div>\n\t\t<\/div>\n\t\t\t\t<div class=\"elementor-column elementor-col-66 elementor-top-column elementor-element elementor-element-42494ea3\" data-id=\"42494ea3\" data-element_type=\"column\" data-e-type=\"column\">\n\t\t\t<div class=\"elementor-widget-wrap elementor-element-populated\">\n\t\t\t\t\t\t<div class=\"elementor-element elementor-element-573c9419 elementor-widget elementor-widget-heading\" data-id=\"573c9419\" data-element_type=\"widget\" data-e-type=\"widget\" data-widget_type=\"heading.default\">\n\t\t\t\t<div class=\"elementor-widget-container\">\n\t\t\t\t\t<h2 class=\"elementor-heading-title elementor-size-default\">Industrielle Lagersysteme<\/h2>\t\t\t\t<\/div>\n\t\t\t\t<\/div>\n\t\t\t\t<div class=\"elementor-element elementor-element-58cbfb15 elementor-widget elementor-widget-text-editor\" data-id=\"58cbfb15\" data-element_type=\"widget\" data-e-type=\"widget\" data-widget_type=\"text-editor.default\">\n\t\t\t\t<div class=\"elementor-widget-container\">\n\t\t\t\t\t\t\t\t\t<p>NOEGA Systems bietet Ihnen umfassende Erfahrung mit Lagerl\u00f6sungen, Industrieanlagen und Stahlregalen.<\/p><p>Wir gehen auf die Anforderungen jedes Projekts ein, von manuellen Beschickungssystemen in Kommissionierbereichen bis hin zu selbsttragenden automatisierten L\u00e4gern.<\/p><p>Profitieren Sie von unserem umfassenden Service, der von der Bestimmung des Systems abh\u00e4ngt, das Ihren Anforderungen entspricht, einschlie\u00dflich der Planung, Berechnung, Herstellung, Lieferung und Installation unserer industriellen Regal- und Lagersysteme.<\/p>\t\t\t\t\t\t\t\t<\/div>\n\t\t\t\t<\/div>\n\t\t\t\t\t<\/div>\n\t\t<\/div>\n\t\t\t\t\t<\/div>\n\t\t<\/section>\n\t\t\t\t<section class=\"elementor-section elementor-top-section elementor-element elementor-element-25757b2a elementor-section-boxed elementor-section-height-default elementor-section-height-default\" data-id=\"25757b2a\" data-element_type=\"section\" data-e-type=\"section\" data-settings=\"{&quot;background_background&quot;:&quot;classic&quot;}\">\n\t\t\t\t\t\t<div class=\"elementor-container elementor-column-gap-no\">\n\t\t\t\t\t<div class=\"elementor-column elementor-col-100 elementor-top-column elementor-element elementor-element-39efa4ae\" data-id=\"39efa4ae\" data-element_type=\"column\" data-e-type=\"column\">\n\t\t\t<div class=\"elementor-widget-wrap elementor-element-populated\">\n\t\t\t\t\t\t<section class=\"elementor-section elementor-inner-section elementor-element elementor-element-6c0ca728 elementor-section-content-middle elementor-reverse-mobile elementor-section-boxed elementor-section-height-default elementor-section-height-default\" data-id=\"6c0ca728\" data-element_type=\"section\" data-e-type=\"section\">\n\t\t\t\t\t\t<div class=\"elementor-container elementor-column-gap-no\">\n\t\t\t\t\t<div class=\"elementor-column elementor-col-50 elementor-inner-column elementor-element elementor-element-1c93e310\" data-id=\"1c93e310\" data-element_type=\"column\" data-e-type=\"column\">\n\t\t\t<div class=\"elementor-widget-wrap elementor-element-populated\">\n\t\t\t\t\t\t<div class=\"elementor-element elementor-element-31de09e elementor-widget elementor-widget-heading\" data-id=\"31de09e\" data-element_type=\"widget\" data-e-type=\"widget\" data-widget_type=\"heading.default\">\n\t\t\t\t<div class=\"elementor-widget-container\">\n\t\t\t\t\t<h3 class=\"elementor-heading-title elementor-size-default\">Effizientere Lagerh\u00e4user<\/h3>\t\t\t\t<\/div>\n\t\t\t\t<\/div>\n\t\t\t\t<div class=\"elementor-element elementor-element-9061a73 elementor-widget elementor-widget-text-editor\" data-id=\"9061a73\" data-element_type=\"widget\" data-e-type=\"widget\" data-widget_type=\"text-editor.default\">\n\t\t\t\t<div class=\"elementor-widget-container\">\n\t\t\t\t\t\t\t\t\t<p>Die korrekte Auslegung und Dimensionierung von Lagereinrichtungen (Stahlregale und Bedienger\u00e4te) bringt Ihrem Unternehmen zahlreiche Vorteile:<\/p>\t\t\t\t\t\t\t\t<\/div>\n\t\t\t\t<\/div>\n\t\t\t\t<div class=\"elementor-element elementor-element-73269379 elementor-icon-list--layout-traditional elementor-list-item-link-full_width elementor-widget elementor-widget-icon-list\" data-id=\"73269379\" data-element_type=\"widget\" data-e-type=\"widget\" data-widget_type=\"icon-list.default\">\n\t\t\t\t<div class=\"elementor-widget-container\">\n\t\t\t\t\t\t\t<ul class=\"elementor-icon-list-items\">\n\t\t\t\t\t\t\t<li class=\"elementor-icon-list-item\">\n\t\t\t\t\t\t\t\t\t\t\t<span class=\"elementor-icon-list-icon\">\n\t\t\t\t\t\t\t<i aria-hidden=\"true\" class=\"far fa-check-circle\"><\/i>\t\t\t\t\t\t<\/span>\n\t\t\t\t\t\t\t\t\t\t<span class=\"elementor-icon-list-text\">Optimierung des verf\u00fcgbaren Platzes.<\/span>\n\t\t\t\t\t\t\t\t\t<\/li>\n\t\t\t\t\t\t\t\t<li class=\"elementor-icon-list-item\">\n\t\t\t\t\t\t\t\t\t\t\t<span class=\"elementor-icon-list-icon\">\n\t\t\t\t\t\t\t<i aria-hidden=\"true\" class=\"far fa-check-circle\"><\/i>\t\t\t\t\t\t<\/span>\n\t\t\t\t\t\t\t\t\t\t<span class=\"elementor-icon-list-text\">Erh\u00f6hung der Lagerkapazit\u00e4t.<\/span>\n\t\t\t\t\t\t\t\t\t<\/li>\n\t\t\t\t\t\t\t\t<li class=\"elementor-icon-list-item\">\n\t\t\t\t\t\t\t\t\t\t\t<span class=\"elementor-icon-list-icon\">\n\t\t\t\t\t\t\t<i aria-hidden=\"true\" class=\"far fa-check-circle\"><\/i>\t\t\t\t\t\t<\/span>\n\t\t\t\t\t\t\t\t\t\t<span class=\"elementor-icon-list-text\">Reduzierung der Lagerkosten pro Quadratmeter Lagerfl\u00e4che.<\/span>\n\t\t\t\t\t\t\t\t\t<\/li>\n\t\t\t\t\t\t\t\t<li class=\"elementor-icon-list-item\">\n\t\t\t\t\t\t\t\t\t\t\t<span class=\"elementor-icon-list-icon\">\n\t\t\t\t\t\t\t<i aria-hidden=\"true\" class=\"far fa-check-circle\"><\/i>\t\t\t\t\t\t<\/span>\n\t\t\t\t\t\t\t\t\t\t<span class=\"elementor-icon-list-text\">Reduzierung von Sch\u00e4den an Ihren Produkten.<\/span>\n\t\t\t\t\t\t\t\t\t<\/li>\n\t\t\t\t\t\t\t\t<li class=\"elementor-icon-list-item\">\n\t\t\t\t\t\t\t\t\t\t\t<span class=\"elementor-icon-list-icon\">\n\t\t\t\t\t\t\t<i aria-hidden=\"true\" class=\"far fa-check-circle\"><\/i>\t\t\t\t\t\t<\/span>\n\t\t\t\t\t\t\t\t\t\t<span class=\"elementor-icon-list-text\">Erh\u00f6hung der Sicherheit Ihrer Einrichtung und Ihrer Mitarbeiter.<\/span>\n\t\t\t\t\t\t\t\t\t<\/li>\n\t\t\t\t\t\t\t\t<li class=\"elementor-icon-list-item\">\n\t\t\t\t\t\t\t\t\t\t\t<span class=\"elementor-icon-list-icon\">\n\t\t\t\t\t\t\t<i aria-hidden=\"true\" class=\"far fa-check-circle\"><\/i>\t\t\t\t\t\t<\/span>\n\t\t\t\t\t\t\t\t\t\t<span class=\"elementor-icon-list-text\">Steigerung der Produktivit\u00e4t Ihrer Arbeitsabl\u00e4ufe.<\/span>\n\t\t\t\t\t\t\t\t\t<\/li>\n\t\t\t\t\t\t\t\t<li class=\"elementor-icon-list-item\">\n\t\t\t\t\t\t\t\t\t\t\t<span class=\"elementor-icon-list-icon\">\n\t\t\t\t\t\t\t<i aria-hidden=\"true\" class=\"far fa-check-circle\"><\/i>\t\t\t\t\t\t<\/span>\n\t\t\t\t\t\t\t\t\t\t<span class=\"elementor-icon-list-text\">Steigerung der Effizienz Ihrer Ressourcen.<\/span>\n\t\t\t\t\t\t\t\t\t<\/li>\n\t\t\t\t\t\t\t\t<li class=\"elementor-icon-list-item\">\n\t\t\t\t\t\t\t\t\t\t\t<span class=\"elementor-icon-list-icon\">\n\t\t\t\t\t\t\t<i aria-hidden=\"true\" class=\"far fa-check-circle\"><\/i>\t\t\t\t\t\t<\/span>\n\t\t\t\t\t\t\t\t\t\t<span class=\"elementor-icon-list-text\">Verbesserung des Service f\u00fcr Ihre Kunden.<\/span>\n\t\t\t\t\t\t\t\t\t<\/li>\n\t\t\t\t\t\t<\/ul>\n\t\t\t\t\t\t<\/div>\n\t\t\t\t<\/div>\n\t\t\t\t\t<\/div>\n\t\t<\/div>\n\t\t\t\t<div class=\"elementor-column elementor-col-50 elementor-inner-column elementor-element elementor-element-458460b0\" data-id=\"458460b0\" data-element_type=\"column\" data-e-type=\"column\" data-settings=\"{&quot;background_background&quot;:&quot;classic&quot;}\">\n\t\t\t<div class=\"elementor-widget-wrap elementor-element-populated\">\n\t\t\t\t\t<div class=\"elementor-background-overlay\"><\/div>\n\t\t\t\t\t\t<div class=\"elementor-element elementor-element-450f987b elementor-widget elementor-widget-image\" data-id=\"450f987b\" data-element_type=\"widget\" data-e-type=\"widget\" data-widget_type=\"image.default\">\n\t\t\t\t<div class=\"elementor-widget-container\">\n\t\t\t\t\t\t\t\t\t\t\t\t\t\t\t<img decoding=\"async\" src=\"https:\/\/www.noegasystems.com\/wp-content\/uploads\/elementor\/thumbs\/elegir-el-sistema-de-estanterias-para-carga-paletizada-Drive-In-1-rbubxrhells7ave4j7iu4vdvviincszz138dtben8g.jpg\" title=\"elegir-el-sistema-de-estanterias-para-carga-paletizada-Drive-In.jpg\" alt=\"estanterias industriales\" loading=\"lazy\" \/>\t\t\t\t\t\t\t\t\t\t\t\t\t\t\t<\/div>\n\t\t\t\t<\/div>\n\t\t\t\t\t<\/div>\n\t\t<\/div>\n\t\t\t\t\t<\/div>\n\t\t<\/section>\n\t\t\t\t\t<\/div>\n\t\t<\/div>\n\t\t\t\t\t<\/div>\n\t\t<\/section>\n\t\t\t\t<\/div>\n\t\t","protected":false},"excerpt":{"rendered":"<p>Industrielle Lagersysteme Industrielle Lagersysteme Industrielle Lagersysteme NOEGA Systems bietet Ihnen umfassende Erfahrung mit Lagerl\u00f6sungen, Industrieanlagen und Stahlregalen. Wir gehen auf die Anforderungen jedes Projekts ein, von manuellen Beschickungssystemen in Kommissionierbereichen bis hin zu selbsttragenden automatisierten L\u00e4gern. Profitieren Sie von unserem umfassenden Service, der von der Bestimmung des Systems abh\u00e4ngt, das Ihren Anforderungen entspricht, einschlie\u00dflich der [&hellip;]<\/p>\n","protected":false},"author":1,"featured_media":0,"parent":0,"menu_order":0,"comment_status":"closed","ping_status":"closed","template":"","meta":{"site-sidebar-layout":"no-sidebar","site-content-layout":"page-builder","ast-site-content-layout":"default","site-content-style":"default","site-sidebar-style":"default","ast-global-header-display":"","ast-banner-title-visibility":"","ast-main-header-display":"","ast-hfb-above-header-display":"","ast-hfb-below-header-display":"","ast-hfb-mobile-header-display":"","site-post-title":"disabled","ast-breadcrumbs-content":"","ast-featured-img":"disabled","footer-sml-layout":"","theme-transparent-header-meta":"default","adv-header-id-meta":"","stick-header-meta":"default","header-above-stick-meta":"","header-main-stick-meta":"","header-below-stick-meta":"","astra-migrate-meta-layouts":"default","ast-page-background-enabled":"default","ast-page-background-meta":{"desktop":{"background-color":"var(--ast-global-color-4)","background-image":"","background-repeat":"repeat","background-position":"center center","background-size":"auto","background-attachment":"scroll","background-type":"","background-media":"","overlay-type":"","overlay-color":"","overlay-opacity":"","overlay-gradient":""},"tablet":{"background-color":"","background-image":"","background-repeat":"repeat","background-position":"center center","background-size":"auto","background-attachment":"scroll","background-type":"","background-media":"","overlay-type":"","overlay-color":"","overlay-opacity":"","overlay-gradient":""},"mobile":{"background-color":"","background-image":"","background-repeat":"repeat","background-position":"center center","background-size":"auto","background-attachment":"scroll","background-type":"","background-media":"","overlay-type":"","overlay-color":"","overlay-opacity":"","overlay-gradient":""}},"ast-content-background-meta":{"desktop":{"background-color":"var(--ast-global-color-5)","background-image":"","background-repeat":"repeat","background-position":"center center","background-size":"auto","background-attachment":"scroll","background-type":"","background-media":"","overlay-type":"","overlay-color":"","overlay-opacity":"","overlay-gradient":""},"tablet":{"background-color":"var(--ast-global-color-5)","background-image":"","background-repeat":"repeat","background-position":"center center","background-size":"auto","background-attachment":"scroll","background-type":"","background-media":"","overlay-type":"","overlay-color":"","overlay-opacity":"","overlay-gradient":""},"mobile":{"background-color":"var(--ast-global-color-5)","background-image":"","background-repeat":"repeat","background-position":"center center","background-size":"auto","background-attachment":"scroll","background-type":"","background-media":"","overlay-type":"","overlay-color":"","overlay-opacity":"","overlay-gradient":""}},"footnotes":""},"class_list":["post-1938","page","type-page","status-publish","hentry"],"_links":{"self":[{"href":"https:\/\/www.noegasystems.com\/de\/wp-json\/wp\/v2\/pages\/1938","targetHints":{"allow":["GET"]}}],"collection":[{"href":"https:\/\/www.noegasystems.com\/de\/wp-json\/wp\/v2\/pages"}],"about":[{"href":"https:\/\/www.noegasystems.com\/de\/wp-json\/wp\/v2\/types\/page"}],"author":[{"embeddable":true,"href":"https:\/\/www.noegasystems.com\/de\/wp-json\/wp\/v2\/users\/1"}],"replies":[{"embeddable":true,"href":"https:\/\/www.noegasystems.com\/de\/wp-json\/wp\/v2\/comments?post=1938"}],"version-history":[{"count":0,"href":"https:\/\/www.noegasystems.com\/de\/wp-json\/wp\/v2\/pages\/1938\/revisions"}],"wp:attachment":[{"href":"https:\/\/www.noegasystems.com\/de\/wp-json\/wp\/v2\/media?parent=1938"}],"curies":[{"name":"wp","href":"https:\/\/api.w.org\/{rel}","templated":true}]}}