{"id":1894,"date":"2016-03-01T13:01:46","date_gmt":"2016-03-01T13:01:46","guid":{"rendered":"https:\/\/www.noegasystems.com\/de\/?page_id=1894"},"modified":"2022-09-05T14:17:37","modified_gmt":"2022-09-05T12:17:37","slug":"de-politica-de-cookies","status":"publish","type":"page","link":"https:\/\/www.noegasystems.com\/de\/de-politica-de-cookies","title":{"rendered":"DE Pol\u00edtica de Cookies"},"content":{"rendered":"<p>Este sitio web, al igual que la mayor\u00eda de los sitios en Internet, usa Cookies para mejorar la experiencia del usuario. A continuaci\u00f3n encontrar\u00e1 informaci\u00f3n detallada sobre qu\u00e9 son las \u201cCookies\u201d, qu\u00e9 tipolog\u00eda utiliza este sitio web, c\u00f3mo puede desactivarlas en su navegador y c\u00f3mo bloquear espec\u00edficamente la instalaci\u00f3n de Cookies de terceros.<\/p>\n<h2>Cookies y tecnolog\u00edas similares<\/h2>\n<p>La mayor\u00eda de los sitios web usan &#8222;cookies&#8220;, que son peque\u00f1os archivos de texto almacenados en su dispositivo (Ordenador, tel\u00e9fono m\u00f3vil, tableta, etc..), y sirven para que los sitios web puedan recoger informaci\u00f3n sobre la actividad en l\u00ednea o guardar cierta informaci\u00f3n de su perfil. El texto de una cookie contiene a menudo una cadena de n\u00fameros y letras que identifica de forma inequ\u00edvoca a su equipo, pero tambi\u00e9n puede contener otra informaci\u00f3n. Noega Systems emplea Cookies y tecnolog\u00edas similares para diversos prop\u00f3sitos que se detallan a continuaci\u00f3n m\u00e1s en profundidad.<\/p>\n<h3>Controles del navegador para bloquear las cookies.<\/h3>\n<p>La mayor\u00eda de los navegadores web aceptan las cookies de manera autom\u00e1tica, pero le permiten modificar la configuraci\u00f3n de su navegador para bloquear las cookies. Por ejemplo, en Internet Explorer 11, puede bloquear las cookies siguiendo estos pasos:<\/p>\n<ul>\n<li>Haga clic en &#8222;Herramientas&#8220; y, a continuaci\u00f3n, seleccione &#8222;Opciones de Internet&#8220;.<\/li>\n<li>Haga clic en la pesta\u00f1a &#8222;Privacidad&#8220; situada en la parte superior de la ventana.<\/li>\n<li>Mueva el control deslizante hacia arriba o hacia abajo para indicar las reglas que desea aplicar para bloquear cookies.<\/li>\n<\/ul>\n<p>En el apartado \u201cComo bloquear las cookies\u201d dispone de una lista de enlaces con informaci\u00f3n para diferentes navegadores y dispositivos.<\/p>\n<p>Tenga en cuenta que si decide bloquear las cookies, tal vez no pueda iniciar sesi\u00f3n o usar otras funciones interactivas de las p\u00e1ginas web.<\/p>\n<p>Si acepta las cookies, podr\u00e1 eliminarlas m\u00e1s tarde.<\/p>\n<h3>Controles anal\u00edticos de terceros.<\/h3>\n<p>Tal y como se describe abajo m\u00e1s en profundidad, muchas p\u00e1ginas web usan servicios anal\u00edticos de terceros que utilizan cookies y balizas web para recopilar estad\u00edsticas agregadas en relaci\u00f3n con la eficacia de las p\u00e1ginas. Puede deshabilitar la recogida de datos o su uso por parte de algunos de estos proveedores de an\u00e1lisis haciendo clic en los siguientes enlaces:<\/p>\n<ul>\n<li>Google Analytics: https:\/\/tools.google.com\/dlpage\/gaoptout (requiere la instalaci\u00f3n de un complemento para el navegador).<\/li>\n<\/ul>\n<h2>Nuestro uso de cookies<\/h2>\n<p>Los sitios web de Noega Systems usan cookies por diversos motivos, incluyendo:<\/p>\n<ul>\n<li>Inicio de sesi\u00f3n y autenticaci\u00f3n. Cuando inicia sesi\u00f3n en la web mediante su cuenta de Noega Systems, se almacena un n\u00famero de ID \u00fanico y la hora a la que inici\u00f3 sesi\u00f3n en una cookie cifrada en su equipo. Esta cookie le permite moverse de p\u00e1gina en p\u00e1gina en el sitio sin tener que iniciar sesi\u00f3n de nuevo en cada p\u00e1gina.<\/li>\n<li>An\u00e1lisis de sitios web. Utilizamos las cookies para contar el n\u00famero de visitantes \u00fanicos a una p\u00e1gina web, y para desarrollar otras estad\u00edsticas generales acerca de las operaciones de nuestros sitios. Estas anal\u00edticas nos ayudan a operar y a mejorar el rendimiento de estos sitios.<\/li>\n<\/ul>\n<p>Algunas de las cookies que solemos utilizar se enumeran en la siguiente tabla. La lista no es exhaustiva, pero est\u00e1 pensada para ilustrar los principales motivos por los que normalmente utilizamos cookies. Si visita uno de nuestros sitios web, el sitio puede definir algunas de las siguientes cookies, o todas ellas:<\/p>\n<table class=\"tg\">\n<tbody>\n<tr>\n<th class=\"tg-s6z2\" colspan=\"2\">Denominaci\u00f3n de las cookies<\/th>\n<th class=\"tg-s6z2\">Finalidad<\/th>\n<th class=\"tg-s6z2\">Propia\/terceros<\/th>\n<\/tr>\n<tr>\n<td class=\"tg-031e\">_ga<\/td>\n<td class=\"tg-031e\">2 a\u00f1os, por defecto<\/td>\n<td class=\"tg-031e\">Se emplea para diferenciar entre los diferentes objetos de seguimiento creados en la sesi\u00f3n.<\/td>\n<td class=\"tg-031e\">Terceros\/Google Analytics<\/td>\n<\/tr>\n<tr>\n<td class=\"tg-031e\">_gat<\/td>\n<td class=\"tg-031e\">10 minutos, desde su creaci\u00f3n o modificaci\u00f3n<\/td>\n<td class=\"tg-031e\">Se emplea para diferenciar entre los diferentes objetos de seguimiento creados en la sesi\u00f3n. La cookie se crea al cargar la librer\u00eda javascript y no existe una versi\u00f3n previa de la cookie _gat. La cookie se actualiza cada vez que env\u00eda los datos a Google Analytics.<\/td>\n<td class=\"tg-031e\">Terceros\/Google Analytics<\/td>\n<\/tr>\n<tr>\n<td class=\"tg-031e\">briu<\/td>\n<td class=\"tg-031e\">2 meses<\/td>\n<td class=\"tg-031e\">Se utiliza para distinguir usuarios asign\u00e1ndoles un n\u00famero individual como identificador de cliente.<\/td>\n<td class=\"tg-031e\">Propia<\/td>\n<\/tr>\n<tr>\n<td class=\"tg-031e\">ASP.NET_SessionId<\/td>\n<td class=\"tg-031e\">Sesi\u00f3n<\/td>\n<td class=\"tg-031e\"><\/td>\n<td class=\"tg-031e\">Propia<\/td>\n<\/tr>\n<tr>\n<td class=\"tg-031e\">_hjIncludedInSample<\/td>\n<td class=\"tg-031e\"><\/td>\n<td class=\"tg-031e\">Esta cookie de sesi\u00f3n est\u00e1 configurada para permitir que HotJar sepa si este visitante est\u00e1 incluido en la muestra de control de calidad o encuesta.<\/td>\n<td class=\"tg-031e\">Terceros\/Hotjar<\/td>\n<\/tr>\n<tr>\n<td class=\"tg-yw4l\">_hjUserId<\/td>\n<td class=\"tg-yw4l\"><\/td>\n<td class=\"tg-yw4l\">Se establece tan pronto como un usuario carga una p\u00e1gina que contiene el c\u00f3digo HotJar. La cookie contiene un identificador \u00fanico Universal (UUID) que permite a HotJar seguir al mismo visitante en varias p\u00e1ginas y sesiones.<\/td>\n<td class=\"tg-yw4l\">Terceros\/Hotjar<\/td>\n<\/tr>\n<\/tbody>\n<\/table>\n<p>Disponemos de conectores con diversas redes sociales: Facebook, Twitter, Google+, Linkedin, etc.. Al utilizar el registro social, autorizas a la red social a almacenar Cookies persistentes. Estas Cookies recuerdan su identificaci\u00f3n en esos servicios, haciendo mucho m\u00e1s r\u00e1pido el acceso en siguientes visitas.<\/p>\n<h2>Como bloquear las cookies<\/h2>\n<p>Al navegar y continuar en nuestro Sitio Web estar\u00e1 consintiendo el uso de las Cookies en las condiciones contenidas en la presente Pol\u00edtica de Cookies. Noega Systems proporciona acceso a esta Pol\u00edtica de Cookies en el momento del registro con el objetivo de que el usuario est\u00e9 informado, y sin perjuicio de que \u00e9ste pueda ejercer su derecho a bloquear, eliminar y rechazar el uso de Cookies en todo momento.<\/p>\n<p>A continuaci\u00f3n le indicamos los links de los principales navegadores y dispositivos para que disponga de toda la informaci\u00f3n para consultar c\u00f3mo gestionar las cookies en su navegador.<\/p>\n<ul>\n<li>Internet Explorer\u2122:\n<dl>\n<dd>Versi\u00f3n 7 y 8<\/dd>\n<dd><a href=\"https:\/\/windows.microsoft.com\/es-ES\/windows-vista\/Block-or-allow-cookies\">https:\/\/windows.microsoft.com\/es-ES\/windows-vista\/Block-or-allow-cookies<\/a><\/dd>\n<dd>Versi\u00f3n 9<\/dd>\n<dd><a href=\"https:\/\/windows.microsoft.com\/es-ES\/windows7\/How-to-manage-cookies-in-Internet-Explorer-9\">https:\/\/windows.microsoft.com\/es-ES\/windows7\/How-to-manage-cookies-in-Internet-Explorer-9<\/a><\/dd>\n<dd>Versi\u00f3n 10<\/dd>\n<dd><a href=\"https:\/\/windows.microsoft.com\/es-es\/internet-explorer\/ie-security-privacy-settings#ie=ie-10\">https:\/\/windows.microsoft.com\/es-es\/internet-explorer\/ie-security-privacy-settings#ie=ie-10<\/a><\/dd>\n<dd>Versi\u00f3n 11<\/dd>\n<dd><a href=\"https:\/\/windows.microsoft.com\/es-es\/internet-explorer\/ie-security-privacy-settings#ie=ie-11\">https:\/\/windows.microsoft.com\/es-es\/internet-explorer\/ie-security-privacy-settings#ie=ie-11<\/a><\/dd>\n<\/dl>\n<\/li>\n<li>Safari\u2122:\n<dl>\n<dd>Safari\u2122 5 y 6:<\/dd>\n<dd><a href=\"https:\/\/www.apple.com\/es\/support\/mac-apps\/safari\/\">https:\/\/www.apple.com\/es\/support\/mac-apps\/safari\/<\/a><\/dd>\n<dd>Safari\u2122 7:<\/dd>\n<dd><a href=\"https:\/\/support.apple.com\/kb\/PH17191?viewlocale=es_ES&amp;locale=es_ES\">https:\/\/support.apple.com\/kb\/PH17191?viewlocale=es_ES&amp;locale=es_ES<\/a><\/dd>\n<dd>Safari\u2122 8:<\/dd>\n<dd><a href=\"https:\/\/support.apple.com\/kb\/PH19214?viewlocale=es_ES&amp;locale=es_ES\">https:\/\/support.apple.com\/kb\/PH19214?viewlocale=es_ES&amp;locale=es_ES<\/a><\/dd>\n<dd>Ajustes en iPhone, iPad o iPod:<\/dd>\n<dd><a href=\"https:\/\/support.apple.com\/kb\/HT1677?viewlocale=es_ES\">https:\/\/support.apple.com\/kb\/HT1677?viewlocale=es_ES<\/a><\/dd>\n<\/dl>\n<\/li>\n<li>Chrome\u2122:\n<dl>\n<dd><a href=\"https:\/\/support.google.com\/chrome\/answer\/95647?hl=es&amp;hlrm=en\">https:\/\/support.google.com\/chrome\/answer\/95647?hl=es&amp;hlrm=en<\/a><\/dd>\n<\/dl>\n<\/li>\n<li>Firefox\u2122:\n<dl>\n<dd><a href=\"https:\/\/support.mozilla.org\/es\/kb\/cookies-informacion-que-los-sitios-web-guardan-en-?redirectlocale=en-US&amp;redirectslug=Cookies\">https:\/\/support.mozilla.org\/es\/kb\/cookies-informacion-que-los-sitios-web-guardan-en-?redirectlocale=en-US&amp;redirectslug=Cookies<\/a><\/dd>\n<\/dl>\n<\/li>\n<li>Opera\u2122 :\n<dl>\n<dd><a href=\"https:\/\/web.archive.org\/web\/20180619221910\/https:\/\/help.opera.com\/Windows\/11.50\/es-ES\/cookies.html\">https:\/\/help.opera.com\/Windows\/11.50\/es-ES\/cookies.html<\/a><\/dd>\n<\/dl>\n<\/li>\n<li>Android\n<dl>\n<dd><a href=\"https:\/\/support.google.com\/android\/?hl=es\">https:\/\/support.google.com\/android\/?hl=es<\/a><\/dd>\n<\/dl>\n<\/li>\n<li>Windows Phone\n<dl>\n<dd><a href=\"https:\/\/www.windowsphone.com\/es-ES\/how-to\/wp7\/web\/changing-privacy-and-other-browser-settings\">https:\/\/www.windowsphone.com\/es-ES\/how-to\/wp7\/web\/changing-privacy-and-other-browser-settings<\/a><\/dd>\n<\/dl>\n<\/li>\n<li>Blackberry\n<dl>\n<dd><a href=\"https:\/\/web.archive.org\/web\/20151017080521\/https:\/\/docs.blackberry.com:80\/en\/smartphone_users\/deliverables\/18578\/Turn_off_cookies_in_the_browser_60_1072866_11.jsp\">https:\/\/docs.blackberry.com\/en\/smartphone_users\/deliverables\/18578\/Turn_off_cookies_in_the_browser_60_1072866_11.jsp<\/a><\/dd>\n<\/dl>\n<\/li>\n<\/ul>\n<p>Si desea informaci\u00f3n adicional sobre c\u00f3mo configurar las Cookies detallada por proveedor o administrar tus preferencias, visita el portal Your Online Choices.<\/p>\n","protected":false},"excerpt":{"rendered":"<p>Este sitio web, al igual que la mayor\u00eda de los sitios en Internet, usa Cookies para mejorar la experiencia del usuario. A continuaci\u00f3n encontrar\u00e1 informaci\u00f3n detallada sobre qu\u00e9 son las \u201cCookies\u201d, qu\u00e9 tipolog\u00eda utiliza este sitio web, c\u00f3mo puede desactivarlas en su navegador y c\u00f3mo bloquear espec\u00edficamente la instalaci\u00f3n de Cookies de terceros. Cookies y [&hellip;]<\/p>\n","protected":false},"author":1,"featured_media":0,"parent":0,"menu_order":0,"comment_status":"closed","ping_status":"closed","template":"","meta":{"site-sidebar-layout":"default","site-content-layout":"","ast-site-content-layout":"default","site-content-style":"default","site-sidebar-style":"default","ast-global-header-display":"","ast-banner-title-visibility":"","ast-main-header-display":"","ast-hfb-above-header-display":"","ast-hfb-below-header-display":"","ast-hfb-mobile-header-display":"","site-post-title":"","ast-breadcrumbs-content":"","ast-featured-img":"","footer-sml-layout":"","theme-transparent-header-meta":"","adv-header-id-meta":"","stick-header-meta":"","header-above-stick-meta":"","header-main-stick-meta":"","header-below-stick-meta":"","astra-migrate-meta-layouts":"default","ast-page-background-enabled":"default","ast-page-background-meta":{"desktop":{"background-color":"var(--ast-global-color-4)","background-image":"","background-repeat":"repeat","background-position":"center center","background-size":"auto","background-attachment":"scroll","background-type":"","background-media":"","overlay-type":"","overlay-color":"","overlay-opacity":"","overlay-gradient":""},"tablet":{"background-color":"","background-image":"","background-repeat":"repeat","background-position":"center center","background-size":"auto","background-attachment":"scroll","background-type":"","background-media":"","overlay-type":"","overlay-color":"","overlay-opacity":"","overlay-gradient":""},"mobile":{"background-color":"","background-image":"","background-repeat":"repeat","background-position":"center center","background-size":"auto","background-attachment":"scroll","background-type":"","background-media":"","overlay-type":"","overlay-color":"","overlay-opacity":"","overlay-gradient":""}},"ast-content-background-meta":{"desktop":{"background-color":"var(--ast-global-color-5)","background-image":"","background-repeat":"repeat","background-position":"center center","background-size":"auto","background-attachment":"scroll","background-type":"","background-media":"","overlay-type":"","overlay-color":"","overlay-opacity":"","overlay-gradient":""},"tablet":{"background-color":"var(--ast-global-color-5)","background-image":"","background-repeat":"repeat","background-position":"center center","background-size":"auto","background-attachment":"scroll","background-type":"","background-media":"","overlay-type":"","overlay-color":"","overlay-opacity":"","overlay-gradient":""},"mobile":{"background-color":"var(--ast-global-color-5)","background-image":"","background-repeat":"repeat","background-position":"center center","background-size":"auto","background-attachment":"scroll","background-type":"","background-media":"","overlay-type":"","overlay-color":"","overlay-opacity":"","overlay-gradient":""}},"footnotes":""},"class_list":["post-1894","page","type-page","status-publish","hentry"],"_links":{"self":[{"href":"https:\/\/www.noegasystems.com\/de\/wp-json\/wp\/v2\/pages\/1894","targetHints":{"allow":["GET"]}}],"collection":[{"href":"https:\/\/www.noegasystems.com\/de\/wp-json\/wp\/v2\/pages"}],"about":[{"href":"https:\/\/www.noegasystems.com\/de\/wp-json\/wp\/v2\/types\/page"}],"author":[{"embeddable":true,"href":"https:\/\/www.noegasystems.com\/de\/wp-json\/wp\/v2\/users\/1"}],"replies":[{"embeddable":true,"href":"https:\/\/www.noegasystems.com\/de\/wp-json\/wp\/v2\/comments?post=1894"}],"version-history":[{"count":0,"href":"https:\/\/www.noegasystems.com\/de\/wp-json\/wp\/v2\/pages\/1894\/revisions"}],"wp:attachment":[{"href":"https:\/\/www.noegasystems.com\/de\/wp-json\/wp\/v2\/media?parent=1894"}],"curies":[{"name":"wp","href":"https:\/\/api.w.org\/{rel}","templated":true}]}}