{"id":1882,"date":"2016-03-01T12:57:47","date_gmt":"2016-03-01T12:57:47","guid":{"rendered":"https:\/\/www.noegasystems.com\/de\/?page_id=1882"},"modified":"2019-12-16T20:51:56","modified_gmt":"2019-12-16T18:51:56","slug":"danke","status":"publish","type":"page","link":"https:\/\/www.noegasystems.com\/de\/danke","title":{"rendered":"Danke"},"content":{"rendered":"<p>Vielen Dank, dass Sie sich an Noega Systems gewandt haben!<\/p>\n<p>In wenigen Minuten wird eine E-Mail mit einem Link in Ihrem E-Mail-Posteingang eingehen, um Ihr Abonnement f\u00fcr unseren Newsletter zu best\u00e4tigen.<\/p>\n<p>Klicken Sie auf den Link, um \u00fcber alle Neuigkeiten in der Branche informiert zu werden. Zum Dank erhalten Sie ein KOSTENLOSES eBook mit dem Titel &#8222;Storage Systems: Industrial Shelving. Basic Industrial Storage Guides Collection&#8220;.<\/p>\n<p>Wir werden Ihre Anfrage so schnell wie m\u00f6glich beantworten.<\/p>\n<p>Sie k\u00f6nnen unsere rechtlichen Hinweise unter folgendem Link einsehen: <a href=\"https:\/\/www.noegasystems.com\/en\/legal-notice\">https:\/\/www.noegasystems.com\/en\/legal-notice<\/a><\/p>\n<p>Viele Gr\u00fc\u00dfe vom Noega Systems-Team.<\/p>\n","protected":false},"excerpt":{"rendered":"<p>Vielen Dank, dass Sie sich an Noega Systems gewandt haben! In wenigen Minuten wird eine E-Mail mit einem Link in Ihrem E-Mail-Posteingang eingehen, um Ihr Abonnement f\u00fcr unseren Newsletter zu best\u00e4tigen. Klicken Sie auf den Link, um \u00fcber alle Neuigkeiten in der Branche informiert zu werden. Zum Dank erhalten Sie ein KOSTENLOSES eBook mit dem [&hellip;]<\/p>\n","protected":false},"author":1,"featured_media":0,"parent":0,"menu_order":0,"comment_status":"closed","ping_status":"closed","template":"","meta":{"site-sidebar-layout":"default","site-content-layout":"","ast-site-content-layout":"default","site-content-style":"default","site-sidebar-style":"default","ast-global-header-display":"","ast-banner-title-visibility":"","ast-main-header-display":"","ast-hfb-above-header-display":"","ast-hfb-below-header-display":"","ast-hfb-mobile-header-display":"","site-post-title":"","ast-breadcrumbs-content":"","ast-featured-img":"","footer-sml-layout":"","theme-transparent-header-meta":"","adv-header-id-meta":"","stick-header-meta":"","header-above-stick-meta":"","header-main-stick-meta":"","header-below-stick-meta":"","astra-migrate-meta-layouts":"default","ast-page-background-enabled":"default","ast-page-background-meta":{"desktop":{"background-color":"var(--ast-global-color-4)","background-image":"","background-repeat":"repeat","background-position":"center center","background-size":"auto","background-attachment":"scroll","background-type":"","background-media":"","overlay-type":"","overlay-color":"","overlay-opacity":"","overlay-gradient":""},"tablet":{"background-color":"","background-image":"","background-repeat":"repeat","background-position":"center center","background-size":"auto","background-attachment":"scroll","background-type":"","background-media":"","overlay-type":"","overlay-color":"","overlay-opacity":"","overlay-gradient":""},"mobile":{"background-color":"","background-image":"","background-repeat":"repeat","background-position":"center center","background-size":"auto","background-attachment":"scroll","background-type":"","background-media":"","overlay-type":"","overlay-color":"","overlay-opacity":"","overlay-gradient":""}},"ast-content-background-meta":{"desktop":{"background-color":"var(--ast-global-color-5)","background-image":"","background-repeat":"repeat","background-position":"center center","background-size":"auto","background-attachment":"scroll","background-type":"","background-media":"","overlay-type":"","overlay-color":"","overlay-opacity":"","overlay-gradient":""},"tablet":{"background-color":"var(--ast-global-color-5)","background-image":"","background-repeat":"repeat","background-position":"center center","background-size":"auto","background-attachment":"scroll","background-type":"","background-media":"","overlay-type":"","overlay-color":"","overlay-opacity":"","overlay-gradient":""},"mobile":{"background-color":"var(--ast-global-color-5)","background-image":"","background-repeat":"repeat","background-position":"center center","background-size":"auto","background-attachment":"scroll","background-type":"","background-media":"","overlay-type":"","overlay-color":"","overlay-opacity":"","overlay-gradient":""}},"footnotes":""},"class_list":["post-1882","page","type-page","status-publish","hentry"],"_links":{"self":[{"href":"https:\/\/www.noegasystems.com\/de\/wp-json\/wp\/v2\/pages\/1882","targetHints":{"allow":["GET"]}}],"collection":[{"href":"https:\/\/www.noegasystems.com\/de\/wp-json\/wp\/v2\/pages"}],"about":[{"href":"https:\/\/www.noegasystems.com\/de\/wp-json\/wp\/v2\/types\/page"}],"author":[{"embeddable":true,"href":"https:\/\/www.noegasystems.com\/de\/wp-json\/wp\/v2\/users\/1"}],"replies":[{"embeddable":true,"href":"https:\/\/www.noegasystems.com\/de\/wp-json\/wp\/v2\/comments?post=1882"}],"version-history":[{"count":0,"href":"https:\/\/www.noegasystems.com\/de\/wp-json\/wp\/v2\/pages\/1882\/revisions"}],"wp:attachment":[{"href":"https:\/\/www.noegasystems.com\/de\/wp-json\/wp\/v2\/media?parent=1882"}],"curies":[{"name":"wp","href":"https:\/\/api.w.org\/{rel}","templated":true}]}}